{"id":1776,"date":"2024-12-28T18:15:34","date_gmt":"2024-12-28T17:15:34","guid":{"rendered":"https:\/\/paradigm21.ch\/products\/non%20class\u00e9\/parcours-auto-organisation\/"},"modified":"2025-06-20T17:55:44","modified_gmt":"2025-06-20T15:55:44","slug":"parcours-auto-organisation","status":"publish","type":"product","link":"https:\/\/paradigm21.ch\/fr\/produits\/cours\/parcours-auto-organisation\/","title":{"rendered":"Parcours en Auto-Organisation"},"content":{"rendered":"<h3 class=\"language-warning\" style=\"text-align: center; color: black;\">&amp;mbsp;<\/h3>\n<hr class=\"wp-block-separator has-alpha-channel-opacity\">\n<h2 class=\"wp-block-heading\" id=\"h-nbsp-devenez-un-e-leader-de-la-transformation-organisationnelle-integrale\">\ud83e\udde9&nbsp;Devenez un\u00b7e leader de la transformation organisationnelle int\u00e9grale<\/h2><p><strong>Ma\u00eetrisez les leviers de l&rsquo;auto-organisation et du changement culturel<\/strong><\/p><p>Un parcours complet pour comprendre et mettre en place une transformation organisationnelle r\u00e9ussie. D\u00e9veloppez votre posture de leader du changement et int\u00e9grez des pratiques avanc\u00e9es d\u2019auto-organisation et de gouvernance distribu\u00e9e.<\/p><p><strong>100% en ligne \u2013 Avec accompagnement individuel<\/strong><\/p><div class=\"wp-block-buttons is-content-justification-center is-layout-flex wp-container-core-buttons-is-layout-16018d1d wp-block-buttons-is-layout-flex\"><div class=\"wp-block-button green\"><a class=\"wp-block-button__link wp-element-button\" href=\"https:\/\/paradigm21.ch\/fr\/produits\/cours\/parcours-auto-organisation\/\">Voir les options &amp; prix<\/a><\/div><\/div><hr class=\"wp-block-separator has-alpha-channel-opacity\"\/><h2 class=\"wp-block-heading\" id=\"h-nbsp-pourquoi-cette-formation\">\ud83c\udf0d&nbsp;Pourquoi cette formation ?<\/h2><p>Les organisations \u00e9voluent dans un monde de plus en plus complexe et rapide. L\u2019<strong>auto-organisation<\/strong>&nbsp;et la&nbsp;<strong>gouvernance distribu\u00e9e<\/strong>&nbsp;sont devenues des approches cl\u00e9s pour favoriser l\u2019agilit\u00e9, l\u2019innovation et l\u2019engagement des \u00e9quipes.<\/p><p>Cette formation vous donne&nbsp;<strong>toutes les cl\u00e9s pour comprendre, incarner et mettre en place une transformation organisationnelle r\u00e9ussie<\/strong>, en prenant en compte les valeurs, la culture, les comportements et la gouvernance.<\/p><p><strong>Si vous vous demandez :<\/strong><\/p><ul class=\"wp-block-list\"><li>Comment accompagner une transformation organisationnelle ?<\/li>\n\n<li>Quels sont les leviers concrets pour d\u00e9velopper l\u2019auto-organisation ?<\/li>\n\n<li>Comment cr\u00e9er une nouvelle structure et mettre en place des pratiques de gouvernance distribu\u00e9e ?<\/li>\n\n<li>Comment transformer la culture d\u2019une organisation tout en garantissant l\u2019efficacit\u00e9 et l\u2019adaptabilit\u00e9 ?<\/li><\/ul><p><strong>Alors cette formation est faite pour vous !<\/strong><\/p><hr class=\"wp-block-separator has-alpha-channel-opacity\"\/><h2 class=\"wp-block-heading\" id=\"h-nbsp-ce-que-vous-apprendrez\">\ud83d\udee0\ufe0f&nbsp;Ce que vous apprendrez<\/h2><ul class=\"wp-block-list\"><li><strong>Comprendre et ma\u00eetriser les principes de l\u2019auto-organisation<\/strong>&nbsp;et de la gouvernance distribu\u00e9e.<\/li>\n\n<li><strong>Analyser le fonctionnement d\u2019une organisation<\/strong>&nbsp;et d\u00e9finir des priorit\u00e9s strat\u00e9giques pour sa transformation.<\/li>\n\n<li><strong>Utiliser les bons leviers de changement<\/strong>, du leadership aux outils pratiques de prise de d\u00e9cision.<\/li>\n\n<li><strong>Mettre en \u0153uvre des pratiques essentielles de gouvernance distribu\u00e9e<\/strong>, incluant la cr\u00e9ation d\u2019une structure adapt\u00e9e, de nouvelles modalit\u00e9s de r\u00e9union et des m\u00e9thodes de prise de d\u00e9cision collaboratives.<\/li><\/ul><div class=\"wp-block-buttons is-content-justification-center is-layout-flex wp-container-core-buttons-is-layout-16018d1d wp-block-buttons-is-layout-flex\"><div class=\"wp-block-button green\"><a class=\"wp-block-button__link wp-element-button\" href=\"https:\/\/paradigm21.ch\/fr\/produits\/cours\/parcours-auto-organisation\/#tab-contenu-cours\">Voir le contenu de la formation<\/a><\/div><\/div><hr class=\"wp-block-separator has-alpha-channel-opacity\"\/><h2 class=\"wp-block-heading\" id=\"h-public-cible\">\ud83c\udfaf Public cible<\/h2><p>Cette formation est id\u00e9ale pour les&nbsp;<strong>leaders, managers, coachs, consultants et agent\u00b7es du changement<\/strong>&nbsp;souhaitant approfondir leur compr\u00e9hension des dynamiques organisationnelles et acqu\u00e9rir des comp\u00e9tences avanc\u00e9es pour initier et conduire des transformations profondes.<\/p><hr class=\"wp-block-separator has-alpha-channel-opacity\"\/><h2 class=\"wp-block-heading\" id=\"h-nbsp-format-et-duree\">\ud83d\udcc6&nbsp;Format et dur\u00e9e<\/h2><ul class=\"wp-block-list\"><li><strong>Apprentissage en autonomie<\/strong>&nbsp;: 20 heures de contenu en ligne, accessible \u00e0 votre rythme.<\/li>\n\n<li><strong>Accompagnement individuel<\/strong>\u00a0: 3 sessions d\u2019une heure pour approfondir les concepts et poser vos questions.<\/li>\n\n<li><strong>Acc\u00e8s aux mises \u00e0 jour du contenu<\/strong> pendant une ann\u00e9e.<\/li><\/ul><div class=\"wp-block-buttons is-content-justification-center is-layout-flex wp-container-core-buttons-is-layout-16018d1d wp-block-buttons-is-layout-flex\"><div class=\"wp-block-button green\"><a class=\"wp-block-button__link wp-element-button\" href=\"https:\/\/paradigm21.ch\/fr\/produits\/cours\/parcours-auto-organisation\/#tab-apprentissage-mixte\">En savoir plus sur l\u2019apprentissage mixte<\/a><\/div><\/div><hr class=\"wp-block-separator has-alpha-channel-opacity\"\/><h2 class=\"wp-block-heading\" id=\"h-nbsp-vos-formateur-rices\">\ud83d\udc68\u200d\ud83c\udf93&nbsp;Vos formateur\u00b7rices<\/h2><p>Cette formation est anim\u00e9e par des expert\u00b7es de la transformation organisationnelle et de l\u2019auto-organisation, garantissant une approche \u00e0 la fois strat\u00e9gique et pratique.<\/p><div class=\"wp-block-buttons is-content-justification-center is-layout-flex wp-container-core-buttons-is-layout-16018d1d wp-block-buttons-is-layout-flex\"><div class=\"wp-block-button green\"><a class=\"wp-block-button__link wp-element-button\" href=\"https:\/\/paradigm21.ch\/fr\/a-propos\/\" target=\"_blank\" rel=\"noreferrer noopener\">En savoir plus sur notre \u00e9quipe<\/a><\/div><\/div><hr class=\"wp-block-separator has-alpha-channel-opacity\"\/><h2 class=\"wp-block-heading\" id=\"h-nbsp-ce-qui-est-inclus\">\ud83c\udf93&nbsp;Ce qui est inclus<\/h2><ul class=\"wp-block-list\"><li>\u2705&nbsp;<strong>Acc\u00e8s illimit\u00e9 aux modules en ligne<\/strong>, y compris aux futures mises \u00e0 jour.<\/li>\n\n<li>\u2705&nbsp;<strong>3 sessions d\u2019accompagnement individuel<\/strong>&nbsp;pour un suivi personnalis\u00e9.<\/li>\n\n<li>\u2705&nbsp;<strong>Des&nbsp;supports de cours t\u00e9l\u00e9chargeables <\/strong>pour chaque chapitre<\/li>\n\n<li>\u2705&nbsp;<strong>Un espace communautaire interactif<\/strong>&nbsp;(option) pour \u00e9changer avec d\u2019autres participant\u00b7es.<\/li>\n\n<li>\u2705\u00a0<strong>Un accompagnement d\u00e9di\u00e9<\/strong>\u00a0par nos encadrant\u00b7es pour garantir l\u2019atteinte de vos objectifs.<\/li><\/ul><hr class=\"wp-block-separator has-alpha-channel-opacity\"\/><h2 class=\"wp-block-heading\" id=\"h-temoignages-de-participant-es\">\ud83c\udfc6 T\u00e9moignages de participant\u00b7es<\/h2><figure class=\"wp-block-table testimonials\"><table class=\"has-fixed-layout\"><tbody><tr><td class=\"has-text-align-left\" data-align=\"left\"><strong><strong>\u00ab&nbsp;<\/strong>En d\u00e9couvrant l&rsquo;auto-organisation et les cercles de r\u00f4les, nous avons construit une structure plus humaine et collaborative. L&rsquo;ensemble de l&rsquo;\u00e9quipe s&rsquo;est investi dans la progression de MEMO au sein de cette nouvelle dynamique. Les r\u00e9sultats ont surpass\u00e9 toutes nos attentes<strong><strong> \u00bb<\/strong><\/strong>.<\/strong><br><br>&#8212; Lara Jovignot<br><em>Responsable de la gestion documentaire et de l&rsquo;information<\/em><br>Biblioth\u00e8que MEMO &#8211; Ville de Fribourg<\/td><td><strong><strong>\u00ab&nbsp;<\/strong>Avant de suivre le cours avec Marc Mathys, je percevais le management comme un ensemble de contr\u00f4les hi\u00e9rarchiques. Aujourd\u2019hui, je privil\u00e9gie une organisation fond\u00e9e sur l\u2019autogestion et la confiance. MEMO n\u2019aurait jamais pu se d\u00e9velopper aussi rapidement sans ce changement de vision.<strong> \u00bb<\/strong><\/strong><br><\/td><\/tr><\/tbody><\/table><\/figure><hr class=\"wp-block-separator has-alpha-channel-opacity\"\/><h2 class=\"wp-block-heading\" id=\"h-comment-s-inscrire\">\u2705 Comment s\u2019inscrire<\/h2><p>Avant d\u2019ajouter la formation \u00e0 votre panier, vous pourrez, si vous le souhaitez, ajouter l\u2019option de formation en pr\u00e9sentiel.<\/p><div class=\"wp-block-buttons is-content-justification-center is-layout-flex wp-container-core-buttons-is-layout-16018d1d wp-block-buttons-is-layout-flex\"><div class=\"wp-block-button\"><a class=\"wp-block-button__link wp-element-button\" href=\"https:\/\/paradigm21.ch\/fr\/produits\/cours\/parcours-auto-organisation\/\">Voir les options &amp; prix<\/a><\/div><\/div>\n<p>&nbsp;<\/p>\n","protected":false},"excerpt":{"rendered":"<p class=\"p1\">Ma\u00eetrisez les principes de l&rsquo;<span class=\"s1\"><b>auto-organisation<\/b><\/span> et de la <span class=\"s1\"><b>gouvernance distribu\u00e9e<\/b><\/span> pour accompagner efficacement la transformation de votre organisation. Ce cours comprend 8 modules de formation et 3 heures de coaching individuel.<\/p>\n","protected":false},"author":8,"featured_media":6041,"comment_status":"open","ping_status":"closed","template":"","meta":[],"tags":[115,117],"product_cat":[84],"class_list":{"0":"post-1776","1":"product","2":"type-product","3":"status-publish","4":"has-post-thumbnail","6":"tag-dynamiques-du-changement","7":"tag-performance-collective","8":"product_cat-cours","10":"first","11":"instock","12":"sold-individually","13":"taxable","14":"shipping-taxable","15":"purchasable","16":"product-type-simple"},"yoast_head":"<!-- This site is optimized with the Yoast SEO Premium plugin v24.2 (Yoast SEO v24.5) - https:\/\/yoast.com\/wordpress\/plugins\/seo\/ -->\n<title>Parcours en Auto-Organisation - Paradigm21<\/title>\n<meta name=\"robots\" content=\"index, follow, max-snippet:-1, max-image-preview:large, max-video-preview:-1\" \/>\n<link rel=\"canonical\" href=\"https:\/\/paradigm21.ch\/fr\/produits\/cours\/parcours-auto-organisation\/\" \/>\n<meta property=\"og:locale\" content=\"fr_FR\" \/>\n<meta property=\"og:type\" content=\"article\" \/>\n<meta property=\"og:title\" content=\"Parcours en Auto-Organisation\" \/>\n<meta property=\"og:description\" content=\"Ma\u00eetrisez les principes de l&#039;auto-organisation et de la gouvernance distribu\u00e9e pour accompagner efficacement la transformation de votre organisation. Ce cours comprend 8 modules de formation et 3 heures de coaching individuel.\" \/>\n<meta property=\"og:url\" content=\"https:\/\/paradigm21.ch\/fr\/produits\/cours\/parcours-auto-organisation\/\" \/>\n<meta property=\"og:site_name\" content=\"Paradigm21\" \/>\n<meta property=\"article:publisher\" content=\"https:\/\/www.facebook.com\/paradigm21.ch\" \/>\n<meta property=\"article:modified_time\" content=\"2025-06-20T15:55:44+00:00\" \/>\n<meta property=\"og:image\" content=\"https:\/\/paradigm21.ch\/wp-content\/uploads\/2023\/08\/Boussole.png\" \/>\n\t<meta property=\"og:image:width\" content=\"1129\" \/>\n\t<meta property=\"og:image:height\" content=\"1129\" \/>\n\t<meta property=\"og:image:type\" content=\"image\/png\" \/>\n<meta name=\"twitter:card\" content=\"summary_large_image\" \/>\n<meta name=\"twitter:label1\" content=\"Dur\u00e9e de lecture estim\u00e9e\" \/>\n\t<meta name=\"twitter:data1\" content=\"1 minute\" \/>\n<script type=\"application\/ld+json\" class=\"yoast-schema-graph\">{\"@context\":\"https:\/\/schema.org\",\"@graph\":[{\"@type\":\"WebPage\",\"@id\":\"https:\/\/paradigm21.ch\/fr\/produits\/cours\/parcours-auto-organisation\/\",\"url\":\"https:\/\/paradigm21.ch\/fr\/produits\/cours\/parcours-auto-organisation\/\",\"name\":\"Parcours en Auto-Organisation - Paradigm21\",\"isPartOf\":{\"@id\":\"https:\/\/paradigm21.ch\/fr\/#website\"},\"primaryImageOfPage\":{\"@id\":\"https:\/\/paradigm21.ch\/fr\/produits\/cours\/parcours-auto-organisation\/#primaryimage\"},\"image\":{\"@id\":\"https:\/\/paradigm21.ch\/fr\/produits\/cours\/parcours-auto-organisation\/#primaryimage\"},\"thumbnailUrl\":\"https:\/\/paradigm21.ch\/wp-content\/uploads\/2023\/08\/Boussole.png\",\"datePublished\":\"2024-12-28T17:15:34+00:00\",\"dateModified\":\"2025-06-20T15:55:44+00:00\",\"breadcrumb\":{\"@id\":\"https:\/\/paradigm21.ch\/fr\/produits\/cours\/parcours-auto-organisation\/#breadcrumb\"},\"inLanguage\":\"fr-FR\",\"potentialAction\":[{\"@type\":\"ReadAction\",\"target\":[\"https:\/\/paradigm21.ch\/fr\/produits\/cours\/parcours-auto-organisation\/\"]}]},{\"@type\":\"ImageObject\",\"inLanguage\":\"fr-FR\",\"@id\":\"https:\/\/paradigm21.ch\/fr\/produits\/cours\/parcours-auto-organisation\/#primaryimage\",\"url\":\"https:\/\/paradigm21.ch\/wp-content\/uploads\/2023\/08\/Boussole.png\",\"contentUrl\":\"https:\/\/paradigm21.ch\/wp-content\/uploads\/2023\/08\/Boussole.png\",\"width\":1129,\"height\":1129},{\"@type\":\"BreadcrumbList\",\"@id\":\"https:\/\/paradigm21.ch\/fr\/produits\/cours\/parcours-auto-organisation\/#breadcrumb\",\"itemListElement\":[{\"@type\":\"ListItem\",\"position\":1,\"name\":\"Accueil\",\"item\":\"https:\/\/paradigm21.ch\/fr\/accueil\/\"},{\"@type\":\"ListItem\",\"position\":2,\"name\":\"Produits\",\"item\":\"https:\/\/paradigm21.ch\/en\/products\/\"},{\"@type\":\"ListItem\",\"position\":3,\"name\":\"Parcours en Auto-Organisation\"}]},{\"@type\":\"WebSite\",\"@id\":\"https:\/\/paradigm21.ch\/fr\/#website\",\"url\":\"https:\/\/paradigm21.ch\/fr\/\",\"name\":\"Paradigm21\",\"description\":\"\",\"potentialAction\":[{\"@type\":\"SearchAction\",\"target\":{\"@type\":\"EntryPoint\",\"urlTemplate\":\"https:\/\/paradigm21.ch\/fr\/?s={search_term_string}\"},\"query-input\":{\"@type\":\"PropertyValueSpecification\",\"valueRequired\":true,\"valueName\":\"search_term_string\"}}],\"inLanguage\":\"fr-FR\"}]}<\/script>\n<!-- \/ Yoast SEO Premium plugin. -->","yoast_head_json":{"title":"Parcours en Auto-Organisation - Paradigm21","robots":{"index":"index","follow":"follow","max-snippet":"max-snippet:-1","max-image-preview":"max-image-preview:large","max-video-preview":"max-video-preview:-1"},"canonical":"https:\/\/paradigm21.ch\/fr\/produits\/cours\/parcours-auto-organisation\/","og_locale":"fr_FR","og_type":"article","og_title":"Parcours en Auto-Organisation","og_description":"Ma\u00eetrisez les principes de l'auto-organisation et de la gouvernance distribu\u00e9e pour accompagner efficacement la transformation de votre organisation. Ce cours comprend 8 modules de formation et 3 heures de coaching individuel.","og_url":"https:\/\/paradigm21.ch\/fr\/produits\/cours\/parcours-auto-organisation\/","og_site_name":"Paradigm21","article_publisher":"https:\/\/www.facebook.com\/paradigm21.ch","article_modified_time":"2025-06-20T15:55:44+00:00","og_image":[{"width":1129,"height":1129,"url":"https:\/\/paradigm21.ch\/wp-content\/uploads\/2023\/08\/Boussole.png","type":"image\/png"}],"twitter_card":"summary_large_image","twitter_misc":{"Dur\u00e9e de lecture estim\u00e9e":"1 minute"},"schema":{"@context":"https:\/\/schema.org","@graph":[{"@type":"WebPage","@id":"https:\/\/paradigm21.ch\/fr\/produits\/cours\/parcours-auto-organisation\/","url":"https:\/\/paradigm21.ch\/fr\/produits\/cours\/parcours-auto-organisation\/","name":"Parcours en Auto-Organisation - Paradigm21","isPartOf":{"@id":"https:\/\/paradigm21.ch\/fr\/#website"},"primaryImageOfPage":{"@id":"https:\/\/paradigm21.ch\/fr\/produits\/cours\/parcours-auto-organisation\/#primaryimage"},"image":{"@id":"https:\/\/paradigm21.ch\/fr\/produits\/cours\/parcours-auto-organisation\/#primaryimage"},"thumbnailUrl":"https:\/\/paradigm21.ch\/wp-content\/uploads\/2023\/08\/Boussole.png","datePublished":"2024-12-28T17:15:34+00:00","dateModified":"2025-06-20T15:55:44+00:00","breadcrumb":{"@id":"https:\/\/paradigm21.ch\/fr\/produits\/cours\/parcours-auto-organisation\/#breadcrumb"},"inLanguage":"fr-FR","potentialAction":[{"@type":"ReadAction","target":["https:\/\/paradigm21.ch\/fr\/produits\/cours\/parcours-auto-organisation\/"]}]},{"@type":"ImageObject","inLanguage":"fr-FR","@id":"https:\/\/paradigm21.ch\/fr\/produits\/cours\/parcours-auto-organisation\/#primaryimage","url":"https:\/\/paradigm21.ch\/wp-content\/uploads\/2023\/08\/Boussole.png","contentUrl":"https:\/\/paradigm21.ch\/wp-content\/uploads\/2023\/08\/Boussole.png","width":1129,"height":1129},{"@type":"BreadcrumbList","@id":"https:\/\/paradigm21.ch\/fr\/produits\/cours\/parcours-auto-organisation\/#breadcrumb","itemListElement":[{"@type":"ListItem","position":1,"name":"Accueil","item":"https:\/\/paradigm21.ch\/fr\/accueil\/"},{"@type":"ListItem","position":2,"name":"Produits","item":"https:\/\/paradigm21.ch\/en\/products\/"},{"@type":"ListItem","position":3,"name":"Parcours en Auto-Organisation"}]},{"@type":"WebSite","@id":"https:\/\/paradigm21.ch\/fr\/#website","url":"https:\/\/paradigm21.ch\/fr\/","name":"Paradigm21","description":"","potentialAction":[{"@type":"SearchAction","target":{"@type":"EntryPoint","urlTemplate":"https:\/\/paradigm21.ch\/fr\/?s={search_term_string}"},"query-input":{"@type":"PropertyValueSpecification","valueRequired":true,"valueName":"search_term_string"}}],"inLanguage":"fr-FR"}]}},"_links":{"self":[{"href":"https:\/\/paradigm21.ch\/fr\/wp-json\/wp\/v2\/product\/1776","targetHints":{"allow":["GET"]}}],"collection":[{"href":"https:\/\/paradigm21.ch\/fr\/wp-json\/wp\/v2\/product"}],"about":[{"href":"https:\/\/paradigm21.ch\/fr\/wp-json\/wp\/v2\/types\/product"}],"author":[{"embeddable":true,"href":"https:\/\/paradigm21.ch\/fr\/wp-json\/wp\/v2\/users\/8"}],"replies":[{"embeddable":true,"href":"https:\/\/paradigm21.ch\/fr\/wp-json\/wp\/v2\/comments?post=1776"}],"wp:featuredmedia":[{"embeddable":true,"href":"https:\/\/paradigm21.ch\/fr\/wp-json\/wp\/v2\/media\/6041"}],"wp:attachment":[{"href":"https:\/\/paradigm21.ch\/fr\/wp-json\/wp\/v2\/media?parent=1776"}],"wp:term":[{"taxonomy":"post_tag","embeddable":true,"href":"https:\/\/paradigm21.ch\/fr\/wp-json\/wp\/v2\/tags?post=1776"},{"taxonomy":"product_cat","embeddable":true,"href":"https:\/\/paradigm21.ch\/fr\/wp-json\/wp\/v2\/product_cat?post=1776"}],"curies":[{"name":"wp","href":"https:\/\/api.w.org\/{rel}","templated":true}]}}