{"id":1751,"date":"2024-08-30T10:26:51","date_gmt":"2024-08-30T08:26:51","guid":{"rendered":"https:\/\/paradigm21.ch\/products\/non%20class\u00e9\/communaute-auto-organisation\/"},"modified":"2025-02-07T18:42:17","modified_gmt":"2025-02-07T17:42:17","slug":"communaute-auto-organisation","status":"publish","type":"product","link":"https:\/\/paradigm21.ch\/fr\/produits\/adhesions\/communaute-auto-organisation\/","title":{"rendered":"Communaut\u00e9 Auto-Organisation"},"content":{"rendered":"<p>Cette adh\u00e9sion est pour les personnes ayant suivi une formation sur l&rsquo;auto-organisation avec Paradigm21 :<\/p>\n<p>&#8211; Conservez l&rsquo;acc\u00e8s au mat\u00e9riel de cours et \u00e0 toutes les mises-\u00e0-jour futures<br \/>\n&#8211; Acc\u00e9dez \u00e0 une espace communautaire et de discussion pour \u00e9changer autour des sujets de l&rsquo;auto-organisation<\/p>\n","protected":false},"excerpt":{"rendered":"<p class=\"p1\">Prolongez votre apprentissage de l\u2019auto-organisation ! Conservez l\u2019acc\u00e8s aux ressources de formation, aux mises \u00e0 jour et rejoignez une communaut\u00e9 d\u2019\u00e9change d\u00e9di\u00e9e (en fran\u00e7ais). <\/p>\n","protected":false},"author":8,"featured_media":6659,"comment_status":"open","ping_status":"closed","template":"","meta":[],"tags":[117],"product_cat":[85],"class_list":{"0":"post-1751","1":"product","2":"type-product","3":"status-publish","4":"has-post-thumbnail","6":"tag-performance-collective","7":"product_cat-adhesions","9":"first","10":"instock","11":"downloadable","12":"virtual","13":"sold-individually","14":"taxable","15":"purchasable","16":"product-type-subscription"},"yoast_head":"<!-- This site is optimized with the Yoast SEO Premium plugin v24.2 (Yoast SEO v24.5) - https:\/\/yoast.com\/wordpress\/plugins\/seo\/ -->\n<title>Communaut\u00e9 Auto-Organisation - Paradigm21<\/title>\n<meta name=\"robots\" content=\"index, follow, max-snippet:-1, max-image-preview:large, max-video-preview:-1\" \/>\n<link rel=\"canonical\" href=\"https:\/\/paradigm21.ch\/fr\/produits\/adhesions\/communaute-auto-organisation\/\" \/>\n<meta property=\"og:locale\" content=\"fr_FR\" \/>\n<meta property=\"og:type\" content=\"article\" \/>\n<meta property=\"og:title\" content=\"Communaut\u00e9 Auto-Organisation\" \/>\n<meta property=\"og:description\" content=\"Prolongez votre apprentissage de l\u2019auto-organisation ! Conservez l\u2019acc\u00e8s aux ressources de formation, aux mises \u00e0 jour et rejoignez une communaut\u00e9 d\u2019\u00e9change d\u00e9di\u00e9e (en fran\u00e7ais).\" \/>\n<meta property=\"og:url\" content=\"https:\/\/paradigm21.ch\/fr\/produits\/adhesions\/communaute-auto-organisation\/\" \/>\n<meta property=\"og:site_name\" content=\"Paradigm21\" \/>\n<meta property=\"article:publisher\" content=\"https:\/\/www.facebook.com\/paradigm21.ch\" \/>\n<meta property=\"article:modified_time\" content=\"2025-02-07T17:42:17+00:00\" \/>\n<meta property=\"og:image\" content=\"https:\/\/paradigm21.ch\/wp-content\/uploads\/2024\/08\/communaute2.png\" \/>\n\t<meta property=\"og:image:width\" content=\"694\" \/>\n\t<meta property=\"og:image:height\" content=\"694\" \/>\n\t<meta property=\"og:image:type\" content=\"image\/png\" \/>\n<meta name=\"twitter:card\" content=\"summary_large_image\" \/>\n<meta name=\"twitter:label1\" content=\"Dur\u00e9e de lecture estim\u00e9e\" \/>\n\t<meta name=\"twitter:data1\" content=\"1 minute\" \/>\n<script type=\"application\/ld+json\" class=\"yoast-schema-graph\">{\"@context\":\"https:\/\/schema.org\",\"@graph\":[{\"@type\":\"WebPage\",\"@id\":\"https:\/\/paradigm21.ch\/fr\/produits\/adhesions\/communaute-auto-organisation\/\",\"url\":\"https:\/\/paradigm21.ch\/fr\/produits\/adhesions\/communaute-auto-organisation\/\",\"name\":\"Communaut\u00e9 Auto-Organisation - Paradigm21\",\"isPartOf\":{\"@id\":\"https:\/\/paradigm21.ch\/fr\/#website\"},\"primaryImageOfPage\":{\"@id\":\"https:\/\/paradigm21.ch\/fr\/produits\/adhesions\/communaute-auto-organisation\/#primaryimage\"},\"image\":{\"@id\":\"https:\/\/paradigm21.ch\/fr\/produits\/adhesions\/communaute-auto-organisation\/#primaryimage\"},\"thumbnailUrl\":\"https:\/\/paradigm21.ch\/wp-content\/uploads\/2024\/08\/communaute2.png\",\"datePublished\":\"2024-08-30T08:26:51+00:00\",\"dateModified\":\"2025-02-07T17:42:17+00:00\",\"breadcrumb\":{\"@id\":\"https:\/\/paradigm21.ch\/fr\/produits\/adhesions\/communaute-auto-organisation\/#breadcrumb\"},\"inLanguage\":\"fr-FR\",\"potentialAction\":[{\"@type\":\"ReadAction\",\"target\":[\"https:\/\/paradigm21.ch\/fr\/produits\/adhesions\/communaute-auto-organisation\/\"]}]},{\"@type\":\"ImageObject\",\"inLanguage\":\"fr-FR\",\"@id\":\"https:\/\/paradigm21.ch\/fr\/produits\/adhesions\/communaute-auto-organisation\/#primaryimage\",\"url\":\"https:\/\/paradigm21.ch\/wp-content\/uploads\/2024\/08\/communaute2.png\",\"contentUrl\":\"https:\/\/paradigm21.ch\/wp-content\/uploads\/2024\/08\/communaute2.png\",\"width\":694,\"height\":694},{\"@type\":\"BreadcrumbList\",\"@id\":\"https:\/\/paradigm21.ch\/fr\/produits\/adhesions\/communaute-auto-organisation\/#breadcrumb\",\"itemListElement\":[{\"@type\":\"ListItem\",\"position\":1,\"name\":\"Accueil\",\"item\":\"https:\/\/paradigm21.ch\/fr\/accueil\/\"},{\"@type\":\"ListItem\",\"position\":2,\"name\":\"Produits\",\"item\":\"https:\/\/paradigm21.ch\/en\/products\/\"},{\"@type\":\"ListItem\",\"position\":3,\"name\":\"Communaut\u00e9 Auto-Organisation\"}]},{\"@type\":\"WebSite\",\"@id\":\"https:\/\/paradigm21.ch\/fr\/#website\",\"url\":\"https:\/\/paradigm21.ch\/fr\/\",\"name\":\"Paradigm21\",\"description\":\"\",\"potentialAction\":[{\"@type\":\"SearchAction\",\"target\":{\"@type\":\"EntryPoint\",\"urlTemplate\":\"https:\/\/paradigm21.ch\/fr\/?s={search_term_string}\"},\"query-input\":{\"@type\":\"PropertyValueSpecification\",\"valueRequired\":true,\"valueName\":\"search_term_string\"}}],\"inLanguage\":\"fr-FR\"}]}<\/script>\n<!-- \/ Yoast SEO Premium plugin. -->","yoast_head_json":{"title":"Communaut\u00e9 Auto-Organisation - Paradigm21","robots":{"index":"index","follow":"follow","max-snippet":"max-snippet:-1","max-image-preview":"max-image-preview:large","max-video-preview":"max-video-preview:-1"},"canonical":"https:\/\/paradigm21.ch\/fr\/produits\/adhesions\/communaute-auto-organisation\/","og_locale":"fr_FR","og_type":"article","og_title":"Communaut\u00e9 Auto-Organisation","og_description":"Prolongez votre apprentissage de l\u2019auto-organisation ! Conservez l\u2019acc\u00e8s aux ressources de formation, aux mises \u00e0 jour et rejoignez une communaut\u00e9 d\u2019\u00e9change d\u00e9di\u00e9e (en fran\u00e7ais).","og_url":"https:\/\/paradigm21.ch\/fr\/produits\/adhesions\/communaute-auto-organisation\/","og_site_name":"Paradigm21","article_publisher":"https:\/\/www.facebook.com\/paradigm21.ch","article_modified_time":"2025-02-07T17:42:17+00:00","og_image":[{"width":694,"height":694,"url":"https:\/\/paradigm21.ch\/wp-content\/uploads\/2024\/08\/communaute2.png","type":"image\/png"}],"twitter_card":"summary_large_image","twitter_misc":{"Dur\u00e9e de lecture estim\u00e9e":"1 minute"},"schema":{"@context":"https:\/\/schema.org","@graph":[{"@type":"WebPage","@id":"https:\/\/paradigm21.ch\/fr\/produits\/adhesions\/communaute-auto-organisation\/","url":"https:\/\/paradigm21.ch\/fr\/produits\/adhesions\/communaute-auto-organisation\/","name":"Communaut\u00e9 Auto-Organisation - Paradigm21","isPartOf":{"@id":"https:\/\/paradigm21.ch\/fr\/#website"},"primaryImageOfPage":{"@id":"https:\/\/paradigm21.ch\/fr\/produits\/adhesions\/communaute-auto-organisation\/#primaryimage"},"image":{"@id":"https:\/\/paradigm21.ch\/fr\/produits\/adhesions\/communaute-auto-organisation\/#primaryimage"},"thumbnailUrl":"https:\/\/paradigm21.ch\/wp-content\/uploads\/2024\/08\/communaute2.png","datePublished":"2024-08-30T08:26:51+00:00","dateModified":"2025-02-07T17:42:17+00:00","breadcrumb":{"@id":"https:\/\/paradigm21.ch\/fr\/produits\/adhesions\/communaute-auto-organisation\/#breadcrumb"},"inLanguage":"fr-FR","potentialAction":[{"@type":"ReadAction","target":["https:\/\/paradigm21.ch\/fr\/produits\/adhesions\/communaute-auto-organisation\/"]}]},{"@type":"ImageObject","inLanguage":"fr-FR","@id":"https:\/\/paradigm21.ch\/fr\/produits\/adhesions\/communaute-auto-organisation\/#primaryimage","url":"https:\/\/paradigm21.ch\/wp-content\/uploads\/2024\/08\/communaute2.png","contentUrl":"https:\/\/paradigm21.ch\/wp-content\/uploads\/2024\/08\/communaute2.png","width":694,"height":694},{"@type":"BreadcrumbList","@id":"https:\/\/paradigm21.ch\/fr\/produits\/adhesions\/communaute-auto-organisation\/#breadcrumb","itemListElement":[{"@type":"ListItem","position":1,"name":"Accueil","item":"https:\/\/paradigm21.ch\/fr\/accueil\/"},{"@type":"ListItem","position":2,"name":"Produits","item":"https:\/\/paradigm21.ch\/en\/products\/"},{"@type":"ListItem","position":3,"name":"Communaut\u00e9 Auto-Organisation"}]},{"@type":"WebSite","@id":"https:\/\/paradigm21.ch\/fr\/#website","url":"https:\/\/paradigm21.ch\/fr\/","name":"Paradigm21","description":"","potentialAction":[{"@type":"SearchAction","target":{"@type":"EntryPoint","urlTemplate":"https:\/\/paradigm21.ch\/fr\/?s={search_term_string}"},"query-input":{"@type":"PropertyValueSpecification","valueRequired":true,"valueName":"search_term_string"}}],"inLanguage":"fr-FR"}]}},"_links":{"self":[{"href":"https:\/\/paradigm21.ch\/fr\/wp-json\/wp\/v2\/product\/1751","targetHints":{"allow":["GET"]}}],"collection":[{"href":"https:\/\/paradigm21.ch\/fr\/wp-json\/wp\/v2\/product"}],"about":[{"href":"https:\/\/paradigm21.ch\/fr\/wp-json\/wp\/v2\/types\/product"}],"author":[{"embeddable":true,"href":"https:\/\/paradigm21.ch\/fr\/wp-json\/wp\/v2\/users\/8"}],"replies":[{"embeddable":true,"href":"https:\/\/paradigm21.ch\/fr\/wp-json\/wp\/v2\/comments?post=1751"}],"wp:featuredmedia":[{"embeddable":true,"href":"https:\/\/paradigm21.ch\/fr\/wp-json\/wp\/v2\/media\/6659"}],"wp:attachment":[{"href":"https:\/\/paradigm21.ch\/fr\/wp-json\/wp\/v2\/media?parent=1751"}],"wp:term":[{"taxonomy":"post_tag","embeddable":true,"href":"https:\/\/paradigm21.ch\/fr\/wp-json\/wp\/v2\/tags?post=1751"},{"taxonomy":"product_cat","embeddable":true,"href":"https:\/\/paradigm21.ch\/fr\/wp-json\/wp\/v2\/product_cat?post=1751"}],"curies":[{"name":"wp","href":"https:\/\/api.w.org\/{rel}","templated":true}]}}