{"id":1692,"date":"2024-08-30T10:25:30","date_gmt":"2024-08-30T08:25:30","guid":{"rendered":"https:\/\/paradigm21.ch\/products\/non%20class\u00e9\/communaute-spirale-dynamique\/"},"modified":"2026-03-21T07:40:41","modified_gmt":"2026-03-21T06:40:41","slug":"communaute-francophone-en-spirale-dynamique","status":"publish","type":"product","link":"https:\/\/paradigm21.ch\/fr\/produits\/adhesions\/communaute-francophone-en-spirale-dynamique\/","title":{"rendered":"Communaut\u00e9 francophone en Spirale Dynamique"},"content":{"rendered":"<p>Cette adh\u00e9sion est r\u00e9serv\u00e9e aux personnes qui ont suivi la formation de niveau 1 \u00e0 la Spirale Dynamique :<\/p>\n<p>&#8211; Conservez l\u2019acc\u00e8s \u00e0 tous les supports de cours et aux futures mises \u00e0 jour<br \/>\n&#8211; Acc\u00e9dez \u00e0 un espace communautaire d\u00e9di\u00e9s pour \u00e9changer avec des pairs<br \/>\n&#8211; Participez \u00e0 une session trimestrielle sur un sujet li\u00e9 \u00e0 la Spirale Dynamique<\/p>\n<p><em>\u00c0 l\u2019avenir, nous pr\u00e9voyons d\u2019introduire une intelligence artificielle personnalis\u00e9e, sp\u00e9cialement form\u00e9e pour \u00eatre experte en Spirale Dynamique<\/em><\/p>\n","protected":false},"excerpt":{"rendered":"<p class=\"p1\">Restez connect\u00e9 \u00e0 la Dynamique Spirale ! Acc\u00e9dez aux ressources de cours, rejoignez une communaut\u00e9 d\u00e9di\u00e9e et participez \u00e0 des sessions trimestrielles. \u00c0 venir : une IA experte pour enrichir votre pratique.<\/p>\n","protected":false},"author":8,"featured_media":6657,"comment_status":"open","ping_status":"closed","template":"","meta":[],"tags":[115,116],"product_cat":[85],"class_list":{"0":"post-1692","1":"product","2":"type-product","3":"status-publish","4":"has-post-thumbnail","6":"tag-dynamiques-du-changement","7":"tag-leadership-situationnel","8":"product_cat-adhesions","10":"first","11":"instock","12":"downloadable","13":"virtual","14":"sold-individually","15":"taxable","16":"purchasable","17":"product-type-subscription"},"yoast_head":"<!-- This site is optimized with the Yoast SEO Premium plugin v24.2 (Yoast SEO v24.5) - https:\/\/yoast.com\/wordpress\/plugins\/seo\/ -->\n<title>Communaut\u00e9 francophone en Spirale Dynamique - Paradigm21<\/title>\n<meta name=\"robots\" content=\"index, follow, max-snippet:-1, max-image-preview:large, max-video-preview:-1\" \/>\n<link rel=\"canonical\" href=\"https:\/\/paradigm21.ch\/fr\/produits\/adhesions\/communaute-francophone-en-spirale-dynamique\/\" \/>\n<meta property=\"og:locale\" content=\"fr_FR\" \/>\n<meta property=\"og:type\" content=\"article\" \/>\n<meta property=\"og:title\" content=\"Communaut\u00e9 francophone en Spirale Dynamique\" \/>\n<meta property=\"og:description\" content=\"Restez connect\u00e9 \u00e0 la Dynamique Spirale ! Acc\u00e9dez aux ressources de cours, rejoignez une communaut\u00e9 d\u00e9di\u00e9e et participez \u00e0 des sessions trimestrielles. \u00c0 venir : une IA experte pour enrichir votre pratique.\" \/>\n<meta property=\"og:url\" content=\"https:\/\/paradigm21.ch\/fr\/produits\/adhesions\/communaute-francophone-en-spirale-dynamique\/\" \/>\n<meta property=\"og:site_name\" content=\"Paradigm21\" \/>\n<meta property=\"article:publisher\" content=\"https:\/\/www.facebook.com\/paradigm21.ch\" \/>\n<meta property=\"article:modified_time\" content=\"2026-03-21T06:40:41+00:00\" \/>\n<meta property=\"og:image\" content=\"https:\/\/paradigm21.ch\/wp-content\/uploads\/2024\/08\/communaute.png\" \/>\n\t<meta property=\"og:image:width\" content=\"720\" \/>\n\t<meta property=\"og:image:height\" content=\"720\" \/>\n\t<meta property=\"og:image:type\" content=\"image\/png\" \/>\n<meta name=\"twitter:card\" content=\"summary_large_image\" \/>\n<meta name=\"twitter:label1\" content=\"Dur\u00e9e de lecture estim\u00e9e\" \/>\n\t<meta name=\"twitter:data1\" content=\"1 minute\" \/>\n<script type=\"application\/ld+json\" class=\"yoast-schema-graph\">{\"@context\":\"https:\/\/schema.org\",\"@graph\":[{\"@type\":\"WebPage\",\"@id\":\"https:\/\/paradigm21.ch\/fr\/produits\/adhesions\/communaute-francophone-en-spirale-dynamique\/\",\"url\":\"https:\/\/paradigm21.ch\/fr\/produits\/adhesions\/communaute-francophone-en-spirale-dynamique\/\",\"name\":\"Communaut\u00e9 francophone en Spirale Dynamique - Paradigm21\",\"isPartOf\":{\"@id\":\"https:\/\/paradigm21.ch\/fr\/#website\"},\"primaryImageOfPage\":{\"@id\":\"https:\/\/paradigm21.ch\/fr\/produits\/adhesions\/communaute-francophone-en-spirale-dynamique\/#primaryimage\"},\"image\":{\"@id\":\"https:\/\/paradigm21.ch\/fr\/produits\/adhesions\/communaute-francophone-en-spirale-dynamique\/#primaryimage\"},\"thumbnailUrl\":\"https:\/\/paradigm21.ch\/wp-content\/uploads\/2024\/08\/communaute.png\",\"datePublished\":\"2024-08-30T08:25:30+00:00\",\"dateModified\":\"2026-03-21T06:40:41+00:00\",\"breadcrumb\":{\"@id\":\"https:\/\/paradigm21.ch\/fr\/produits\/adhesions\/communaute-francophone-en-spirale-dynamique\/#breadcrumb\"},\"inLanguage\":\"fr-FR\",\"potentialAction\":[{\"@type\":\"ReadAction\",\"target\":[\"https:\/\/paradigm21.ch\/fr\/produits\/adhesions\/communaute-francophone-en-spirale-dynamique\/\"]}]},{\"@type\":\"ImageObject\",\"inLanguage\":\"fr-FR\",\"@id\":\"https:\/\/paradigm21.ch\/fr\/produits\/adhesions\/communaute-francophone-en-spirale-dynamique\/#primaryimage\",\"url\":\"https:\/\/paradigm21.ch\/wp-content\/uploads\/2024\/08\/communaute.png\",\"contentUrl\":\"https:\/\/paradigm21.ch\/wp-content\/uploads\/2024\/08\/communaute.png\",\"width\":720,\"height\":720},{\"@type\":\"BreadcrumbList\",\"@id\":\"https:\/\/paradigm21.ch\/fr\/produits\/adhesions\/communaute-francophone-en-spirale-dynamique\/#breadcrumb\",\"itemListElement\":[{\"@type\":\"ListItem\",\"position\":1,\"name\":\"Accueil\",\"item\":\"https:\/\/paradigm21.ch\/fr\/accueil\/\"},{\"@type\":\"ListItem\",\"position\":2,\"name\":\"Produits\",\"item\":\"https:\/\/paradigm21.ch\/en\/products\/\"},{\"@type\":\"ListItem\",\"position\":3,\"name\":\"Communaut\u00e9 francophone en Spirale Dynamique\"}]},{\"@type\":\"WebSite\",\"@id\":\"https:\/\/paradigm21.ch\/fr\/#website\",\"url\":\"https:\/\/paradigm21.ch\/fr\/\",\"name\":\"Paradigm21\",\"description\":\"\",\"potentialAction\":[{\"@type\":\"SearchAction\",\"target\":{\"@type\":\"EntryPoint\",\"urlTemplate\":\"https:\/\/paradigm21.ch\/fr\/?s={search_term_string}\"},\"query-input\":{\"@type\":\"PropertyValueSpecification\",\"valueRequired\":true,\"valueName\":\"search_term_string\"}}],\"inLanguage\":\"fr-FR\"}]}<\/script>\n<!-- \/ Yoast SEO Premium plugin. -->","yoast_head_json":{"title":"Communaut\u00e9 francophone en Spirale Dynamique - Paradigm21","robots":{"index":"index","follow":"follow","max-snippet":"max-snippet:-1","max-image-preview":"max-image-preview:large","max-video-preview":"max-video-preview:-1"},"canonical":"https:\/\/paradigm21.ch\/fr\/produits\/adhesions\/communaute-francophone-en-spirale-dynamique\/","og_locale":"fr_FR","og_type":"article","og_title":"Communaut\u00e9 francophone en Spirale Dynamique","og_description":"Restez connect\u00e9 \u00e0 la Dynamique Spirale ! Acc\u00e9dez aux ressources de cours, rejoignez une communaut\u00e9 d\u00e9di\u00e9e et participez \u00e0 des sessions trimestrielles. \u00c0 venir : une IA experte pour enrichir votre pratique.","og_url":"https:\/\/paradigm21.ch\/fr\/produits\/adhesions\/communaute-francophone-en-spirale-dynamique\/","og_site_name":"Paradigm21","article_publisher":"https:\/\/www.facebook.com\/paradigm21.ch","article_modified_time":"2026-03-21T06:40:41+00:00","og_image":[{"width":720,"height":720,"url":"https:\/\/paradigm21.ch\/wp-content\/uploads\/2024\/08\/communaute.png","type":"image\/png"}],"twitter_card":"summary_large_image","twitter_misc":{"Dur\u00e9e de lecture estim\u00e9e":"1 minute"},"schema":{"@context":"https:\/\/schema.org","@graph":[{"@type":"WebPage","@id":"https:\/\/paradigm21.ch\/fr\/produits\/adhesions\/communaute-francophone-en-spirale-dynamique\/","url":"https:\/\/paradigm21.ch\/fr\/produits\/adhesions\/communaute-francophone-en-spirale-dynamique\/","name":"Communaut\u00e9 francophone en Spirale Dynamique - Paradigm21","isPartOf":{"@id":"https:\/\/paradigm21.ch\/fr\/#website"},"primaryImageOfPage":{"@id":"https:\/\/paradigm21.ch\/fr\/produits\/adhesions\/communaute-francophone-en-spirale-dynamique\/#primaryimage"},"image":{"@id":"https:\/\/paradigm21.ch\/fr\/produits\/adhesions\/communaute-francophone-en-spirale-dynamique\/#primaryimage"},"thumbnailUrl":"https:\/\/paradigm21.ch\/wp-content\/uploads\/2024\/08\/communaute.png","datePublished":"2024-08-30T08:25:30+00:00","dateModified":"2026-03-21T06:40:41+00:00","breadcrumb":{"@id":"https:\/\/paradigm21.ch\/fr\/produits\/adhesions\/communaute-francophone-en-spirale-dynamique\/#breadcrumb"},"inLanguage":"fr-FR","potentialAction":[{"@type":"ReadAction","target":["https:\/\/paradigm21.ch\/fr\/produits\/adhesions\/communaute-francophone-en-spirale-dynamique\/"]}]},{"@type":"ImageObject","inLanguage":"fr-FR","@id":"https:\/\/paradigm21.ch\/fr\/produits\/adhesions\/communaute-francophone-en-spirale-dynamique\/#primaryimage","url":"https:\/\/paradigm21.ch\/wp-content\/uploads\/2024\/08\/communaute.png","contentUrl":"https:\/\/paradigm21.ch\/wp-content\/uploads\/2024\/08\/communaute.png","width":720,"height":720},{"@type":"BreadcrumbList","@id":"https:\/\/paradigm21.ch\/fr\/produits\/adhesions\/communaute-francophone-en-spirale-dynamique\/#breadcrumb","itemListElement":[{"@type":"ListItem","position":1,"name":"Accueil","item":"https:\/\/paradigm21.ch\/fr\/accueil\/"},{"@type":"ListItem","position":2,"name":"Produits","item":"https:\/\/paradigm21.ch\/en\/products\/"},{"@type":"ListItem","position":3,"name":"Communaut\u00e9 francophone en Spirale Dynamique"}]},{"@type":"WebSite","@id":"https:\/\/paradigm21.ch\/fr\/#website","url":"https:\/\/paradigm21.ch\/fr\/","name":"Paradigm21","description":"","potentialAction":[{"@type":"SearchAction","target":{"@type":"EntryPoint","urlTemplate":"https:\/\/paradigm21.ch\/fr\/?s={search_term_string}"},"query-input":{"@type":"PropertyValueSpecification","valueRequired":true,"valueName":"search_term_string"}}],"inLanguage":"fr-FR"}]}},"_links":{"self":[{"href":"https:\/\/paradigm21.ch\/fr\/wp-json\/wp\/v2\/product\/1692","targetHints":{"allow":["GET"]}}],"collection":[{"href":"https:\/\/paradigm21.ch\/fr\/wp-json\/wp\/v2\/product"}],"about":[{"href":"https:\/\/paradigm21.ch\/fr\/wp-json\/wp\/v2\/types\/product"}],"author":[{"embeddable":true,"href":"https:\/\/paradigm21.ch\/fr\/wp-json\/wp\/v2\/users\/8"}],"replies":[{"embeddable":true,"href":"https:\/\/paradigm21.ch\/fr\/wp-json\/wp\/v2\/comments?post=1692"}],"wp:featuredmedia":[{"embeddable":true,"href":"https:\/\/paradigm21.ch\/fr\/wp-json\/wp\/v2\/media\/6657"}],"wp:attachment":[{"href":"https:\/\/paradigm21.ch\/fr\/wp-json\/wp\/v2\/media?parent=1692"}],"wp:term":[{"taxonomy":"post_tag","embeddable":true,"href":"https:\/\/paradigm21.ch\/fr\/wp-json\/wp\/v2\/tags?post=1692"},{"taxonomy":"product_cat","embeddable":true,"href":"https:\/\/paradigm21.ch\/fr\/wp-json\/wp\/v2\/product_cat?post=1692"}],"curies":[{"name":"wp","href":"https:\/\/api.w.org\/{rel}","templated":true}]}}