{"id":12216,"date":"2026-03-21T07:19:01","date_gmt":"2026-03-21T06:19:01","guid":{"rendered":"https:\/\/paradigm21.ch\/products\/non%20class\u00e9\/communaute-de-pratique-en-spirale-dynamique-niveau-2\/"},"modified":"2026-03-21T07:34:23","modified_gmt":"2026-03-21T06:34:23","slug":"communaute-de-pratique-en-spirale-dynamique-niveau-2","status":"publish","type":"product","link":"https:\/\/paradigm21.ch\/fr\/produits\/adhesions\/communaute-de-pratique-en-spirale-dynamique-niveau-2\/","title":{"rendered":"Communaut\u00e9 de pratique en Spirale Dynamique \u2013 Niveau 2"},"content":{"rendered":"<p>Cette adh\u00e9sion est destin\u00e9e personnes certifi\u00e9es du cours Spirale Dynamique niveau 2 :<\/p>\n<p>&#8211; Conservez l&rsquo;acc\u00e8s au mat\u00e9riel de cours et aux futures mises \u00e0 jour<br \/>\n&#8211; Acc\u00e9dez \u00e0 une communaut\u00e9 de pratique pour \u00e9changer sur le travail avec la Spirale Dynamique et les outils ValueMatch<br \/>\n&#8211; Participez \u00e0 des sessions r\u00e9guli\u00e8res pour partager des pratiques, des cas clients et discuter de sujets li\u00e9s au travail avec la Spirale Dynamique.<\/p>\n<p><em>\u00c0 l&rsquo;avenir, nous pr\u00e9voyons d&rsquo;int\u00e9grer une IA personnalis\u00e9e sp\u00e9cialement form\u00e9e pour \u00eatre experte en Spirale Dynamique<\/em><\/p>\n","protected":false},"excerpt":{"rendered":"<p>Restez connect\u00e9 avec d&rsquo;autres praticien\u00b7nes en Spirale Dynamique ! Cette adh\u00e9sion offre aux personnes certifi\u00e9es du cours de niveau 2 un acc\u00e8s continu au mat\u00e9riel de cours, un espace communautaire exclusif, des sessions live r\u00e9guli\u00e8res et de futures outils bas\u00e9s sur l&rsquo;IA.<\/p>\n","protected":false},"author":8,"featured_media":6657,"comment_status":"open","ping_status":"closed","template":"","meta":[],"tags":[115,116],"product_cat":[85],"class_list":{"0":"post-12216","1":"product","2":"type-product","3":"status-publish","4":"has-post-thumbnail","6":"tag-dynamiques-du-changement","7":"tag-leadership-situationnel","8":"product_cat-adhesions","10":"first","11":"instock","12":"taxable","13":"shipping-taxable","14":"purchasable","15":"product-type-subscription"},"yoast_head":"<!-- This site is optimized with the Yoast SEO Premium plugin v24.2 (Yoast SEO v24.5) - https:\/\/yoast.com\/wordpress\/plugins\/seo\/ -->\n<title>Communaut\u00e9 de pratique en Spirale Dynamique \u2013 Niveau 2 - Paradigm21<\/title>\n<meta name=\"robots\" content=\"index, follow, max-snippet:-1, max-image-preview:large, max-video-preview:-1\" \/>\n<link rel=\"canonical\" href=\"https:\/\/paradigm21.ch\/fr\/produits\/adhesions\/communaute-de-pratique-en-spirale-dynamique-niveau-2\/\" \/>\n<meta property=\"og:locale\" content=\"fr_FR\" \/>\n<meta property=\"og:type\" content=\"article\" \/>\n<meta property=\"og:title\" content=\"Communaut\u00e9 de pratique en Spirale Dynamique \u2013 Niveau 2\" \/>\n<meta property=\"og:description\" content=\"Restez connect\u00e9 avec d&#039;autres praticien\u00b7nes en Spirale Dynamique ! Cette adh\u00e9sion offre aux personnes certifi\u00e9es du cours de niveau 2 un acc\u00e8s continu au mat\u00e9riel de cours, un espace communautaire exclusif, des sessions live r\u00e9guli\u00e8res et de futures outils bas\u00e9s sur l&#039;IA.\" \/>\n<meta property=\"og:url\" content=\"https:\/\/paradigm21.ch\/fr\/produits\/adhesions\/communaute-de-pratique-en-spirale-dynamique-niveau-2\/\" \/>\n<meta property=\"og:site_name\" content=\"Paradigm21\" \/>\n<meta property=\"article:publisher\" content=\"https:\/\/www.facebook.com\/paradigm21.ch\" \/>\n<meta property=\"article:modified_time\" content=\"2026-03-21T06:34:23+00:00\" \/>\n<meta property=\"og:image\" content=\"https:\/\/paradigm21.ch\/wp-content\/uploads\/2024\/08\/communaute.png\" \/>\n\t<meta property=\"og:image:width\" content=\"720\" \/>\n\t<meta property=\"og:image:height\" content=\"720\" \/>\n\t<meta property=\"og:image:type\" content=\"image\/png\" \/>\n<meta name=\"twitter:card\" content=\"summary_large_image\" \/>\n<meta name=\"twitter:label1\" content=\"Dur\u00e9e de lecture estim\u00e9e\" \/>\n\t<meta name=\"twitter:data1\" content=\"1 minute\" \/>\n<script type=\"application\/ld+json\" class=\"yoast-schema-graph\">{\"@context\":\"https:\/\/schema.org\",\"@graph\":[{\"@type\":\"WebPage\",\"@id\":\"https:\/\/paradigm21.ch\/fr\/produits\/adhesions\/communaute-de-pratique-en-spirale-dynamique-niveau-2\/\",\"url\":\"https:\/\/paradigm21.ch\/fr\/produits\/adhesions\/communaute-de-pratique-en-spirale-dynamique-niveau-2\/\",\"name\":\"Communaut\u00e9 de pratique en Spirale Dynamique \u2013 Niveau 2 - Paradigm21\",\"isPartOf\":{\"@id\":\"https:\/\/paradigm21.ch\/fr\/#website\"},\"primaryImageOfPage\":{\"@id\":\"https:\/\/paradigm21.ch\/fr\/produits\/adhesions\/communaute-de-pratique-en-spirale-dynamique-niveau-2\/#primaryimage\"},\"image\":{\"@id\":\"https:\/\/paradigm21.ch\/fr\/produits\/adhesions\/communaute-de-pratique-en-spirale-dynamique-niveau-2\/#primaryimage\"},\"thumbnailUrl\":\"https:\/\/paradigm21.ch\/wp-content\/uploads\/2024\/08\/communaute.png\",\"datePublished\":\"2026-03-21T06:19:01+00:00\",\"dateModified\":\"2026-03-21T06:34:23+00:00\",\"breadcrumb\":{\"@id\":\"https:\/\/paradigm21.ch\/fr\/produits\/adhesions\/communaute-de-pratique-en-spirale-dynamique-niveau-2\/#breadcrumb\"},\"inLanguage\":\"fr-FR\",\"potentialAction\":[{\"@type\":\"ReadAction\",\"target\":[\"https:\/\/paradigm21.ch\/fr\/produits\/adhesions\/communaute-de-pratique-en-spirale-dynamique-niveau-2\/\"]}]},{\"@type\":\"ImageObject\",\"inLanguage\":\"fr-FR\",\"@id\":\"https:\/\/paradigm21.ch\/fr\/produits\/adhesions\/communaute-de-pratique-en-spirale-dynamique-niveau-2\/#primaryimage\",\"url\":\"https:\/\/paradigm21.ch\/wp-content\/uploads\/2024\/08\/communaute.png\",\"contentUrl\":\"https:\/\/paradigm21.ch\/wp-content\/uploads\/2024\/08\/communaute.png\",\"width\":720,\"height\":720},{\"@type\":\"BreadcrumbList\",\"@id\":\"https:\/\/paradigm21.ch\/fr\/produits\/adhesions\/communaute-de-pratique-en-spirale-dynamique-niveau-2\/#breadcrumb\",\"itemListElement\":[{\"@type\":\"ListItem\",\"position\":1,\"name\":\"Accueil\",\"item\":\"https:\/\/paradigm21.ch\/fr\/accueil\/\"},{\"@type\":\"ListItem\",\"position\":2,\"name\":\"Produits\",\"item\":\"https:\/\/paradigm21.ch\/en\/products\/\"},{\"@type\":\"ListItem\",\"position\":3,\"name\":\"Communaut\u00e9 de pratique en Spirale Dynamique \u2013 Niveau 2\"}]},{\"@type\":\"WebSite\",\"@id\":\"https:\/\/paradigm21.ch\/fr\/#website\",\"url\":\"https:\/\/paradigm21.ch\/fr\/\",\"name\":\"Paradigm21\",\"description\":\"\",\"potentialAction\":[{\"@type\":\"SearchAction\",\"target\":{\"@type\":\"EntryPoint\",\"urlTemplate\":\"https:\/\/paradigm21.ch\/fr\/?s={search_term_string}\"},\"query-input\":{\"@type\":\"PropertyValueSpecification\",\"valueRequired\":true,\"valueName\":\"search_term_string\"}}],\"inLanguage\":\"fr-FR\"}]}<\/script>\n<!-- \/ Yoast SEO Premium plugin. -->","yoast_head_json":{"title":"Communaut\u00e9 de pratique en Spirale Dynamique \u2013 Niveau 2 - Paradigm21","robots":{"index":"index","follow":"follow","max-snippet":"max-snippet:-1","max-image-preview":"max-image-preview:large","max-video-preview":"max-video-preview:-1"},"canonical":"https:\/\/paradigm21.ch\/fr\/produits\/adhesions\/communaute-de-pratique-en-spirale-dynamique-niveau-2\/","og_locale":"fr_FR","og_type":"article","og_title":"Communaut\u00e9 de pratique en Spirale Dynamique \u2013 Niveau 2","og_description":"Restez connect\u00e9 avec d'autres praticien\u00b7nes en Spirale Dynamique ! Cette adh\u00e9sion offre aux personnes certifi\u00e9es du cours de niveau 2 un acc\u00e8s continu au mat\u00e9riel de cours, un espace communautaire exclusif, des sessions live r\u00e9guli\u00e8res et de futures outils bas\u00e9s sur l'IA.","og_url":"https:\/\/paradigm21.ch\/fr\/produits\/adhesions\/communaute-de-pratique-en-spirale-dynamique-niveau-2\/","og_site_name":"Paradigm21","article_publisher":"https:\/\/www.facebook.com\/paradigm21.ch","article_modified_time":"2026-03-21T06:34:23+00:00","og_image":[{"width":720,"height":720,"url":"https:\/\/paradigm21.ch\/wp-content\/uploads\/2024\/08\/communaute.png","type":"image\/png"}],"twitter_card":"summary_large_image","twitter_misc":{"Dur\u00e9e de lecture estim\u00e9e":"1 minute"},"schema":{"@context":"https:\/\/schema.org","@graph":[{"@type":"WebPage","@id":"https:\/\/paradigm21.ch\/fr\/produits\/adhesions\/communaute-de-pratique-en-spirale-dynamique-niveau-2\/","url":"https:\/\/paradigm21.ch\/fr\/produits\/adhesions\/communaute-de-pratique-en-spirale-dynamique-niveau-2\/","name":"Communaut\u00e9 de pratique en Spirale Dynamique \u2013 Niveau 2 - Paradigm21","isPartOf":{"@id":"https:\/\/paradigm21.ch\/fr\/#website"},"primaryImageOfPage":{"@id":"https:\/\/paradigm21.ch\/fr\/produits\/adhesions\/communaute-de-pratique-en-spirale-dynamique-niveau-2\/#primaryimage"},"image":{"@id":"https:\/\/paradigm21.ch\/fr\/produits\/adhesions\/communaute-de-pratique-en-spirale-dynamique-niveau-2\/#primaryimage"},"thumbnailUrl":"https:\/\/paradigm21.ch\/wp-content\/uploads\/2024\/08\/communaute.png","datePublished":"2026-03-21T06:19:01+00:00","dateModified":"2026-03-21T06:34:23+00:00","breadcrumb":{"@id":"https:\/\/paradigm21.ch\/fr\/produits\/adhesions\/communaute-de-pratique-en-spirale-dynamique-niveau-2\/#breadcrumb"},"inLanguage":"fr-FR","potentialAction":[{"@type":"ReadAction","target":["https:\/\/paradigm21.ch\/fr\/produits\/adhesions\/communaute-de-pratique-en-spirale-dynamique-niveau-2\/"]}]},{"@type":"ImageObject","inLanguage":"fr-FR","@id":"https:\/\/paradigm21.ch\/fr\/produits\/adhesions\/communaute-de-pratique-en-spirale-dynamique-niveau-2\/#primaryimage","url":"https:\/\/paradigm21.ch\/wp-content\/uploads\/2024\/08\/communaute.png","contentUrl":"https:\/\/paradigm21.ch\/wp-content\/uploads\/2024\/08\/communaute.png","width":720,"height":720},{"@type":"BreadcrumbList","@id":"https:\/\/paradigm21.ch\/fr\/produits\/adhesions\/communaute-de-pratique-en-spirale-dynamique-niveau-2\/#breadcrumb","itemListElement":[{"@type":"ListItem","position":1,"name":"Accueil","item":"https:\/\/paradigm21.ch\/fr\/accueil\/"},{"@type":"ListItem","position":2,"name":"Produits","item":"https:\/\/paradigm21.ch\/en\/products\/"},{"@type":"ListItem","position":3,"name":"Communaut\u00e9 de pratique en Spirale Dynamique \u2013 Niveau 2"}]},{"@type":"WebSite","@id":"https:\/\/paradigm21.ch\/fr\/#website","url":"https:\/\/paradigm21.ch\/fr\/","name":"Paradigm21","description":"","potentialAction":[{"@type":"SearchAction","target":{"@type":"EntryPoint","urlTemplate":"https:\/\/paradigm21.ch\/fr\/?s={search_term_string}"},"query-input":{"@type":"PropertyValueSpecification","valueRequired":true,"valueName":"search_term_string"}}],"inLanguage":"fr-FR"}]}},"_links":{"self":[{"href":"https:\/\/paradigm21.ch\/fr\/wp-json\/wp\/v2\/product\/12216","targetHints":{"allow":["GET"]}}],"collection":[{"href":"https:\/\/paradigm21.ch\/fr\/wp-json\/wp\/v2\/product"}],"about":[{"href":"https:\/\/paradigm21.ch\/fr\/wp-json\/wp\/v2\/types\/product"}],"author":[{"embeddable":true,"href":"https:\/\/paradigm21.ch\/fr\/wp-json\/wp\/v2\/users\/8"}],"replies":[{"embeddable":true,"href":"https:\/\/paradigm21.ch\/fr\/wp-json\/wp\/v2\/comments?post=12216"}],"wp:featuredmedia":[{"embeddable":true,"href":"https:\/\/paradigm21.ch\/fr\/wp-json\/wp\/v2\/media\/6657"}],"wp:attachment":[{"href":"https:\/\/paradigm21.ch\/fr\/wp-json\/wp\/v2\/media?parent=12216"}],"wp:term":[{"taxonomy":"post_tag","embeddable":true,"href":"https:\/\/paradigm21.ch\/fr\/wp-json\/wp\/v2\/tags?post=12216"},{"taxonomy":"product_cat","embeddable":true,"href":"https:\/\/paradigm21.ch\/fr\/wp-json\/wp\/v2\/product_cat?post=12216"}],"curies":[{"name":"wp","href":"https:\/\/api.w.org\/{rel}","templated":true}]}}