{"id":6897,"date":"2025-01-16T14:02:18","date_gmt":"2025-01-16T13:02:18","guid":{"rendered":"https:\/\/paradigm21.ch\/nos-produits\/catalogue-de-cours\/"},"modified":"2025-05-22T10:28:04","modified_gmt":"2025-05-22T08:28:04","slug":"catalogue-de-cours","status":"publish","type":"page","link":"https:\/\/paradigm21.ch\/fr\/nos-produits\/catalogue-de-cours\/","title":{"rendered":"Catalogue de Cours"},"content":{"rendered":"\t\t<div data-elementor-type=\"wp-page\" data-elementor-id=\"6897\" class=\"elementor elementor-6897 elementor-3711\" data-elementor-post-type=\"page\">\n\t\t\t\t\t\t<section class=\"elementor-section elementor-top-section elementor-element elementor-element-ce5079f elementor-section-stretched elementor-section-boxed elementor-section-height-default elementor-section-height-default\" data-id=\"ce5079f\" data-element_type=\"section\" data-settings=\"{&quot;stretch_section&quot;:&quot;section-stretched&quot;,&quot;background_background&quot;:&quot;classic&quot;}\">\n\t\t\t\t\t\t<div class=\"elementor-container elementor-column-gap-default\">\n\t\t\t\t\t<div class=\"elementor-column elementor-col-100 elementor-top-column elementor-element elementor-element-bb993a9\" data-id=\"bb993a9\" data-element_type=\"column\">\n\t\t\t<div class=\"elementor-widget-wrap elementor-element-populated\">\n\t\t\t\t\t\t<div class=\"elementor-element elementor-element-655a1c7 elementor-widget elementor-widget-spacer\" data-id=\"655a1c7\" data-element_type=\"widget\" data-widget_type=\"spacer.default\">\n\t\t\t\t<div class=\"elementor-widget-container\">\n\t\t\t\t\t\t\t<div class=\"elementor-spacer\">\n\t\t\t<div class=\"elementor-spacer-inner\"><\/div>\n\t\t<\/div>\n\t\t\t\t\t\t<\/div>\n\t\t\t\t<\/div>\n\t\t\t\t<div class=\"elementor-element elementor-element-71382d4 elementor-widget elementor-widget-heading\" data-id=\"71382d4\" data-element_type=\"widget\" data-widget_type=\"heading.default\">\n\t\t\t\t<div class=\"elementor-widget-container\">\n\t\t\t\t\t<h1 class=\"elementor-heading-title elementor-size-default\">Catalogue de Cours<\/h1>\t\t\t\t<\/div>\n\t\t\t\t<\/div>\n\t\t\t\t<div class=\"elementor-element elementor-element-c1ab099 elementor-widget elementor-widget-text-editor\" data-id=\"c1ab099\" data-element_type=\"widget\" data-widget_type=\"text-editor.default\">\n\t\t\t\t<div class=\"elementor-widget-container\">\n\t\t\t\t\t<div class=\"bb-theme-elementor-wrap bb-elementor-custom-color bb-elementor-custom-family bb-elementor-custom-line-height\">\t\t\t\t<p>Des ateliers fondamentaux aux certifications avanc\u00e9es, nous fournissons les outils n\u00e9cessaires pour atteindre l&rsquo;excellence.<\/p>\t\t\t\t<\/div>\t\t\t\t<\/div>\n\t\t\t\t<\/div>\n\t\t\t\t<div class=\"elementor-element elementor-element-feb2a85 elementor-widget elementor-widget-spacer\" data-id=\"feb2a85\" data-element_type=\"widget\" data-widget_type=\"spacer.default\">\n\t\t\t\t<div class=\"elementor-widget-container\">\n\t\t\t\t\t\t\t<div class=\"elementor-spacer\">\n\t\t\t<div class=\"elementor-spacer-inner\"><\/div>\n\t\t<\/div>\n\t\t\t\t\t\t<\/div>\n\t\t\t\t<\/div>\n\t\t\t\t\t<\/div>\n\t\t<\/div>\n\t\t\t\t\t<\/div>\n\t\t<\/section>\n\t\t\t\t<section class=\"elementor-section elementor-top-section elementor-element elementor-element-3709a6c elementor-section-boxed elementor-section-height-default elementor-section-height-default\" data-id=\"3709a6c\" data-element_type=\"section\">\n\t\t\t\t\t\t<div class=\"elementor-container elementor-column-gap-default\">\n\t\t\t\t\t<div class=\"elementor-column elementor-col-100 elementor-top-column elementor-element elementor-element-937036d\" data-id=\"937036d\" data-element_type=\"column\">\n\t\t\t<div class=\"elementor-widget-wrap elementor-element-populated\">\n\t\t\t\t\t\t<div class=\"elementor-element elementor-element-658fad5 elementor-widget elementor-widget-spacer\" data-id=\"658fad5\" data-element_type=\"widget\" data-widget_type=\"spacer.default\">\n\t\t\t\t<div class=\"elementor-widget-container\">\n\t\t\t\t\t\t\t<div class=\"elementor-spacer\">\n\t\t\t<div class=\"elementor-spacer-inner\"><\/div>\n\t\t<\/div>\n\t\t\t\t\t\t<\/div>\n\t\t\t\t<\/div>\n\t\t\t\t\t<\/div>\n\t\t<\/div>\n\t\t\t\t\t<\/div>\n\t\t<\/section>\n\t\t\t\t<section class=\"elementor-section elementor-top-section elementor-element elementor-element-e03a8a4 elementor-section-boxed elementor-section-height-default elementor-section-height-default\" data-id=\"e03a8a4\" data-element_type=\"section\">\n\t\t\t\t\t\t<div class=\"elementor-container elementor-column-gap-default\">\n\t\t\t\t\t<div class=\"elementor-column elementor-col-100 elementor-top-column elementor-element elementor-element-6601c46\" data-id=\"6601c46\" data-element_type=\"column\">\n\t\t\t<div class=\"elementor-widget-wrap elementor-element-populated\">\n\t\t\t\t\t\t<div class=\"elementor-element elementor-element-628035a elementor-widget elementor-widget-text-editor\" data-id=\"628035a\" data-element_type=\"widget\" data-widget_type=\"text-editor.default\">\n\t\t\t\t<div class=\"elementor-widget-container\">\n\t\t\t\t\t\t\t\t\t<p>Chez Paradigm21, nous combinons une technologie de pointe avec une expertise professionnelle pour cr\u00e9er une exp\u00e9rience d&rsquo;apprentissage flexible et engageante. Notre approche d&rsquo;apprentissage mixte permet aux participants de progresser \u00e0 leur propre rythme tout en garantissant des r\u00e9sultats r\u00e9els et mesurables. <\/p><p>Chaque cours est con\u00e7u pour offrir un apprentissage structur\u00e9 mais adaptable, avec du contenu vid\u00e9o de haute qualit\u00e9, des documents t\u00e9l\u00e9chargeables et des outils d&rsquo;auto-\u00e9valuation. Un soutien personnalis\u00e9 et des s\u00e9ances optionnelles de coaching contribuent \u00e0 approfondir la compr\u00e9hension et \u00e0 stimuler le d\u00e9veloppement personnel. <\/p>\t\t\t\t\t\t\t\t<\/div>\n\t\t\t\t<\/div>\n\t\t\t\t\t<\/div>\n\t\t<\/div>\n\t\t\t\t\t<\/div>\n\t\t<\/section>\n\t\t\t\t<section class=\"elementor-section elementor-top-section elementor-element elementor-element-24b11b0 elementor-section-boxed elementor-section-height-default elementor-section-height-default\" data-id=\"24b11b0\" data-element_type=\"section\">\n\t\t\t\t\t\t<div class=\"elementor-container elementor-column-gap-default\">\n\t\t\t\t\t<div class=\"elementor-column elementor-col-100 elementor-top-column elementor-element elementor-element-64d1515\" data-id=\"64d1515\" data-element_type=\"column\">\n\t\t\t<div class=\"elementor-widget-wrap elementor-element-populated\">\n\t\t\t\t\t\t<div class=\"elementor-element elementor-element-295839b elementor-widget elementor-widget-shortcode\" data-id=\"295839b\" data-element_type=\"widget\" data-widget_type=\"shortcode.default\">\n\t\t\t\t<div class=\"elementor-widget-container\">\n\t\t\t\t\t\t\t<div class=\"elementor-shortcode\">[list of courses]<\/div>\n\t\t\t\t\t\t<\/div>\n\t\t\t\t<\/div>\n\t\t\t\t\t<\/div>\n\t\t<\/div>\n\t\t\t\t\t<\/div>\n\t\t<\/section>\n\t\t\t\t<section class=\"elementor-section elementor-top-section elementor-element elementor-element-9e440ce elementor-section-boxed elementor-section-height-default elementor-section-height-default\" data-id=\"9e440ce\" data-element_type=\"section\">\n\t\t\t\t\t\t<div class=\"elementor-container elementor-column-gap-default\">\n\t\t\t\t\t<div class=\"elementor-column elementor-col-50 elementor-top-column elementor-element elementor-element-020ebf5\" data-id=\"020ebf5\" data-element_type=\"column\">\n\t\t\t<div class=\"elementor-widget-wrap elementor-element-populated\">\n\t\t\t\t\t\t<div class=\"elementor-element elementor-element-a8b6e0f elementor-widget elementor-widget-heading\" data-id=\"a8b6e0f\" data-element_type=\"widget\" data-widget_type=\"heading.default\">\n\t\t\t\t<div class=\"elementor-widget-container\">\n\t\t\t\t\t<h2 class=\"elementor-heading-title elementor-size-default\">Comment fonctionne notre apprentissage mixte<\/h2>\t\t\t\t<\/div>\n\t\t\t\t<\/div>\n\t\t\t\t<div class=\"elementor-element elementor-element-47a0dd6 elementor-widget elementor-widget-text-editor\" data-id=\"47a0dd6\" data-element_type=\"widget\" data-widget_type=\"text-editor.default\">\n\t\t\t\t<div class=\"elementor-widget-container\">\n\t\t\t\t\t<div class=\"bb-theme-elementor-wrap bb-elementor-custom-color bb-elementor-custom-size bb-elementor-custom-line-height\">\t\t\t\t<p>Dotez votre \u00e9quipe de connaissances exploitables gr\u00e2ce \u00e0 nos programmes de formation captivants. <\/p>\t\t\t\t<\/div>\t\t\t\t<\/div>\n\t\t\t\t<\/div>\n\t\t\t\t<div class=\"elementor-element elementor-element-2d5d516 elementor-widget elementor-widget-image\" data-id=\"2d5d516\" data-element_type=\"widget\" data-widget_type=\"image.default\">\n\t\t\t\t<div class=\"elementor-widget-container\">\n\t\t\t\t\t\t\t\t\t\t\t\t\t\t\t<img fetchpriority=\"high\" decoding=\"async\" width=\"429\" height=\"429\" src=\"https:\/\/paradigm21.ch\/wp-content\/uploads\/2025\/01\/courses-2.png\" class=\"attachment-large size-large wp-image-5325\" alt=\"\" srcset=\"https:\/\/paradigm21.ch\/wp-content\/uploads\/2025\/01\/courses-2.png 429w, https:\/\/paradigm21.ch\/wp-content\/uploads\/2025\/01\/courses-2-300x300.png 300w, https:\/\/paradigm21.ch\/wp-content\/uploads\/2025\/01\/courses-2-150x150.png 150w, https:\/\/paradigm21.ch\/wp-content\/uploads\/2025\/01\/courses-2-70x70.png 70w, https:\/\/paradigm21.ch\/wp-content\/uploads\/2025\/01\/courses-2-50x50.png 50w, https:\/\/paradigm21.ch\/wp-content\/uploads\/2025\/01\/courses-2-100x100.png 100w, https:\/\/paradigm21.ch\/wp-content\/uploads\/2025\/01\/courses-2-400x400.png 400w\" sizes=\"(max-width: 429px) 100vw, 429px\" \/>\t\t\t\t\t\t\t\t\t\t\t\t\t\t\t<\/div>\n\t\t\t\t<\/div>\n\t\t\t\t\t<\/div>\n\t\t<\/div>\n\t\t\t\t<div class=\"elementor-column elementor-col-50 elementor-top-column elementor-element elementor-element-867202f\" data-id=\"867202f\" data-element_type=\"column\">\n\t\t\t<div class=\"elementor-widget-wrap elementor-element-populated\">\n\t\t\t\t\t\t<div class=\"elementor-element elementor-element-02822b6 elementor-widget elementor-widget-text-editor\" data-id=\"02822b6\" data-element_type=\"widget\" data-widget_type=\"text-editor.default\">\n\t\t\t\t<div class=\"elementor-widget-container\">\n\t\t\t\t\t\t\t\t\t<p class=\"p3\">Nos programmes sont fond\u00e9s sur un <b>syst\u00e8me d&rsquo;apprentissage modulaire<\/b> qui \u00e9quilibre l&rsquo;autonomie et l&rsquo;encadrement structur\u00e9, garantissant ainsi que chaque participant puisse personnaliser son parcours tout en r\u00e9alisant des progr\u00e8s significatifs.<\/p><ul><li class=\"p3\"><b>Une plateforme d&rsquo;e-learning \u00e0 la pointe de la technologie<br><\/b>La plupart des modules comprennent des le\u00e7ons vid\u00e9o produites professionnellement, des supports de cours t\u00e9l\u00e9chargeables et des ressources suppl\u00e9mentaires. Les participants peuvent \u00e9tudier \u00e0 leur propre rythme, adaptant leur vitesse d&rsquo;apprentissage \u00e0 leur emploi du temps. Des outils d&rsquo;auto-\u00e9valuation int\u00e9gr\u00e9s encouragent la r\u00e9flexion et aident \u00e0 suivre les progr\u00e8s.  <\/li><li class=\"p3\"><b>Soutien personnalis\u00e9<br><\/b>\u00c0 travers des s\u00e9ances individuelles ou collectives, nos instructeurs et mentors fournissent des conseils tout au long du processus d&rsquo;apprentissage, aidant les participants \u00e0 rester sur la bonne voie et \u00e0 atteindre leurs objectifs.<p>Pour certains cours, nous proposons un <b>coaching individuel<\/b> afin de fournir des perspectives plus approfondies et des applications pratiques du mat\u00e9riel d&rsquo;apprentissage.<\/p><\/li><\/ul><p class=\"p3\">Avec Paradigm21, l&rsquo;apprentissage ne se limite pas \u00e0 l&rsquo;acquisition de connaissances \u2014 il s&rsquo;agit de transformation et de croissance.<\/p>\t\t\t\t\t\t\t\t<\/div>\n\t\t\t\t<\/div>\n\t\t\t\t\t<\/div>\n\t\t<\/div>\n\t\t\t\t\t<\/div>\n\t\t<\/section>\n\t\t\t\t<\/div>\n\t\t","protected":false},"excerpt":{"rendered":"<p>Catalogue de Cours Des ateliers fondamentaux aux certifications avanc\u00e9es, nous fournissons les outils n\u00e9cessaires pour atteindre l&rsquo;excellence. Chez Paradigm21, nous combinons une technologie de pointe&hellip;<\/p>\n","protected":false},"author":8,"featured_media":0,"parent":6894,"menu_order":0,"comment_status":"closed","ping_status":"closed","template":"","meta":{"footnotes":""},"class_list":["post-6897","page","type-page","status-publish","hentry"],"yoast_head":"<!-- This site is optimized with the Yoast SEO Premium plugin v24.2 (Yoast SEO v24.5) - https:\/\/yoast.com\/wordpress\/plugins\/seo\/ -->\n<title>Catalogue de Cours - Paradigm21<\/title>\n<meta name=\"description\" content=\"Spirale Dynamique, auto-organisation, leadership agile : nos formations hybrides renforcent le potentiel de vos \u00e9quipes. R\u00e9sultats visibles.\" \/>\n<meta name=\"robots\" content=\"noindex, nofollow\" \/>\n<meta property=\"og:locale\" content=\"fr_FR\" \/>\n<meta property=\"og:type\" content=\"article\" \/>\n<meta property=\"og:title\" content=\"Catalogue de Cours\" \/>\n<meta property=\"og:description\" content=\"Spirale Dynamique, auto-organisation, leadership agile : nos formations hybrides renforcent le potentiel de vos \u00e9quipes. R\u00e9sultats visibles.\" \/>\n<meta property=\"og:url\" content=\"https:\/\/paradigm21.ch\/fr\/nos-produits\/catalogue-de-cours\/\" \/>\n<meta property=\"og:site_name\" content=\"Paradigm21\" \/>\n<meta property=\"article:publisher\" content=\"https:\/\/www.facebook.com\/paradigm21.ch\" \/>\n<meta property=\"article:modified_time\" content=\"2025-05-22T08:28:04+00:00\" \/>\n<meta property=\"og:image\" content=\"https:\/\/paradigm21.ch\/wp-content\/uploads\/2025\/01\/courses-2.png\" \/>\n\t<meta property=\"og:image:width\" content=\"429\" \/>\n\t<meta property=\"og:image:height\" content=\"429\" \/>\n\t<meta property=\"og:image:type\" content=\"image\/png\" \/>\n<meta name=\"twitter:card\" content=\"summary_large_image\" \/>\n<meta name=\"twitter:label1\" content=\"Dur\u00e9e de lecture estim\u00e9e\" \/>\n\t<meta name=\"twitter:data1\" content=\"2 minutes\" \/>\n<script type=\"application\/ld+json\" class=\"yoast-schema-graph\">{\"@context\":\"https:\/\/schema.org\",\"@graph\":[{\"@type\":\"WebPage\",\"@id\":\"https:\/\/paradigm21.ch\/fr\/nos-produits\/catalogue-de-cours\/\",\"url\":\"https:\/\/paradigm21.ch\/fr\/nos-produits\/catalogue-de-cours\/\",\"name\":\"Catalogue de Cours - Paradigm21\",\"isPartOf\":{\"@id\":\"https:\/\/paradigm21.ch\/fr\/#website\"},\"primaryImageOfPage\":{\"@id\":\"https:\/\/paradigm21.ch\/fr\/nos-produits\/catalogue-de-cours\/#primaryimage\"},\"image\":{\"@id\":\"https:\/\/paradigm21.ch\/fr\/nos-produits\/catalogue-de-cours\/#primaryimage\"},\"thumbnailUrl\":\"https:\/\/paradigm21.ch\/wp-content\/uploads\/2025\/01\/courses-2.png\",\"datePublished\":\"2025-01-16T13:02:18+00:00\",\"dateModified\":\"2025-05-22T08:28:04+00:00\",\"description\":\"Spirale Dynamique, auto-organisation, leadership agile : nos formations hybrides renforcent le potentiel de vos \u00e9quipes. R\u00e9sultats visibles.\",\"breadcrumb\":{\"@id\":\"https:\/\/paradigm21.ch\/fr\/nos-produits\/catalogue-de-cours\/#breadcrumb\"},\"inLanguage\":\"fr-FR\",\"potentialAction\":[{\"@type\":\"ReadAction\",\"target\":[\"https:\/\/paradigm21.ch\/fr\/nos-produits\/catalogue-de-cours\/\"]}]},{\"@type\":\"ImageObject\",\"inLanguage\":\"fr-FR\",\"@id\":\"https:\/\/paradigm21.ch\/fr\/nos-produits\/catalogue-de-cours\/#primaryimage\",\"url\":\"https:\/\/paradigm21.ch\/wp-content\/uploads\/2025\/01\/courses-2.png\",\"contentUrl\":\"https:\/\/paradigm21.ch\/wp-content\/uploads\/2025\/01\/courses-2.png\"},{\"@type\":\"BreadcrumbList\",\"@id\":\"https:\/\/paradigm21.ch\/fr\/nos-produits\/catalogue-de-cours\/#breadcrumb\",\"itemListElement\":[{\"@type\":\"ListItem\",\"position\":1,\"name\":\"Accueil\",\"item\":\"https:\/\/paradigm21.ch\/fr\/accueil\/\"},{\"@type\":\"ListItem\",\"position\":2,\"name\":\"Nos Produits\",\"item\":\"https:\/\/paradigm21.ch\/fr\/nos-produits\/\"},{\"@type\":\"ListItem\",\"position\":3,\"name\":\"Catalogue de Cours\"}]},{\"@type\":\"WebSite\",\"@id\":\"https:\/\/paradigm21.ch\/fr\/#website\",\"url\":\"https:\/\/paradigm21.ch\/fr\/\",\"name\":\"Paradigm21\",\"description\":\"\",\"potentialAction\":[{\"@type\":\"SearchAction\",\"target\":{\"@type\":\"EntryPoint\",\"urlTemplate\":\"https:\/\/paradigm21.ch\/fr\/?s={search_term_string}\"},\"query-input\":{\"@type\":\"PropertyValueSpecification\",\"valueRequired\":true,\"valueName\":\"search_term_string\"}}],\"inLanguage\":\"fr-FR\"}]}<\/script>\n<!-- \/ Yoast SEO Premium plugin. -->","yoast_head_json":{"title":"Catalogue de Cours - Paradigm21","description":"Spirale Dynamique, auto-organisation, leadership agile : nos formations hybrides renforcent le potentiel de vos \u00e9quipes. R\u00e9sultats visibles.","robots":{"index":"noindex","follow":"nofollow"},"og_locale":"fr_FR","og_type":"article","og_title":"Catalogue de Cours","og_description":"Spirale Dynamique, auto-organisation, leadership agile : nos formations hybrides renforcent le potentiel de vos \u00e9quipes. R\u00e9sultats visibles.","og_url":"https:\/\/paradigm21.ch\/fr\/nos-produits\/catalogue-de-cours\/","og_site_name":"Paradigm21","article_publisher":"https:\/\/www.facebook.com\/paradigm21.ch","article_modified_time":"2025-05-22T08:28:04+00:00","og_image":[{"width":429,"height":429,"url":"https:\/\/paradigm21.ch\/wp-content\/uploads\/2025\/01\/courses-2.png","type":"image\/png"}],"twitter_card":"summary_large_image","twitter_misc":{"Dur\u00e9e de lecture estim\u00e9e":"2 minutes"},"schema":{"@context":"https:\/\/schema.org","@graph":[{"@type":"WebPage","@id":"https:\/\/paradigm21.ch\/fr\/nos-produits\/catalogue-de-cours\/","url":"https:\/\/paradigm21.ch\/fr\/nos-produits\/catalogue-de-cours\/","name":"Catalogue de Cours - Paradigm21","isPartOf":{"@id":"https:\/\/paradigm21.ch\/fr\/#website"},"primaryImageOfPage":{"@id":"https:\/\/paradigm21.ch\/fr\/nos-produits\/catalogue-de-cours\/#primaryimage"},"image":{"@id":"https:\/\/paradigm21.ch\/fr\/nos-produits\/catalogue-de-cours\/#primaryimage"},"thumbnailUrl":"https:\/\/paradigm21.ch\/wp-content\/uploads\/2025\/01\/courses-2.png","datePublished":"2025-01-16T13:02:18+00:00","dateModified":"2025-05-22T08:28:04+00:00","description":"Spirale Dynamique, auto-organisation, leadership agile : nos formations hybrides renforcent le potentiel de vos \u00e9quipes. R\u00e9sultats visibles.","breadcrumb":{"@id":"https:\/\/paradigm21.ch\/fr\/nos-produits\/catalogue-de-cours\/#breadcrumb"},"inLanguage":"fr-FR","potentialAction":[{"@type":"ReadAction","target":["https:\/\/paradigm21.ch\/fr\/nos-produits\/catalogue-de-cours\/"]}]},{"@type":"ImageObject","inLanguage":"fr-FR","@id":"https:\/\/paradigm21.ch\/fr\/nos-produits\/catalogue-de-cours\/#primaryimage","url":"https:\/\/paradigm21.ch\/wp-content\/uploads\/2025\/01\/courses-2.png","contentUrl":"https:\/\/paradigm21.ch\/wp-content\/uploads\/2025\/01\/courses-2.png"},{"@type":"BreadcrumbList","@id":"https:\/\/paradigm21.ch\/fr\/nos-produits\/catalogue-de-cours\/#breadcrumb","itemListElement":[{"@type":"ListItem","position":1,"name":"Accueil","item":"https:\/\/paradigm21.ch\/fr\/accueil\/"},{"@type":"ListItem","position":2,"name":"Nos Produits","item":"https:\/\/paradigm21.ch\/fr\/nos-produits\/"},{"@type":"ListItem","position":3,"name":"Catalogue de Cours"}]},{"@type":"WebSite","@id":"https:\/\/paradigm21.ch\/fr\/#website","url":"https:\/\/paradigm21.ch\/fr\/","name":"Paradigm21","description":"","potentialAction":[{"@type":"SearchAction","target":{"@type":"EntryPoint","urlTemplate":"https:\/\/paradigm21.ch\/fr\/?s={search_term_string}"},"query-input":{"@type":"PropertyValueSpecification","valueRequired":true,"valueName":"search_term_string"}}],"inLanguage":"fr-FR"}]}},"_links":{"self":[{"href":"https:\/\/paradigm21.ch\/fr\/wp-json\/wp\/v2\/pages\/6897","targetHints":{"allow":["GET"]}}],"collection":[{"href":"https:\/\/paradigm21.ch\/fr\/wp-json\/wp\/v2\/pages"}],"about":[{"href":"https:\/\/paradigm21.ch\/fr\/wp-json\/wp\/v2\/types\/page"}],"author":[{"embeddable":true,"href":"https:\/\/paradigm21.ch\/fr\/wp-json\/wp\/v2\/users\/8"}],"replies":[{"embeddable":true,"href":"https:\/\/paradigm21.ch\/fr\/wp-json\/wp\/v2\/comments?post=6897"}],"version-history":[{"count":5,"href":"https:\/\/paradigm21.ch\/fr\/wp-json\/wp\/v2\/pages\/6897\/revisions"}],"predecessor-version":[{"id":8856,"href":"https:\/\/paradigm21.ch\/fr\/wp-json\/wp\/v2\/pages\/6897\/revisions\/8856"}],"up":[{"embeddable":true,"href":"https:\/\/paradigm21.ch\/fr\/wp-json\/wp\/v2\/pages\/6894"}],"wp:attachment":[{"href":"https:\/\/paradigm21.ch\/fr\/wp-json\/wp\/v2\/media?parent=6897"}],"curies":[{"name":"wp","href":"https:\/\/api.w.org\/{rel}","templated":true}]}}