{"id":3724,"date":"2022-07-28T11:37:39","date_gmt":"2022-07-28T09:37:39","guid":{"rendered":"https:\/\/paradigm21.ch\/politique-de-confidentialite\/"},"modified":"2025-01-15T22:26:43","modified_gmt":"2025-01-15T21:26:43","slug":"politique-de-confidentialite","status":"publish","type":"page","link":"https:\/\/paradigm21.ch\/fr\/politique-de-confidentialite\/","title":{"rendered":"Politique de confidentialit\u00e9"},"content":{"rendered":"<p>Paradigm21 accorde une grande valeur \u00e0 l\u2019honn\u00eatet\u00e9 et \u00e0 la clart\u00e9 et avons \u00e0 c\u0153ur de construire des relations fortes et durables, fond\u00e9es sur la confiance et l\u2019int\u00e9r\u00eat mutuel, avec les personnes qui s\u2019inscrivent \u00e0 notre newsletter, qui participent \u00e0 nos formations ou qui font appel \u00e0 nos services d\u2019accompagnement. Conform\u00e9ment \u00e0 cette philosophie, la protection de vos donn\u00e9es personnelles est essentielle \u00e0 nos yeux et nous souhaitons vous informer par l\u2019interm\u00e9diaire de la pr\u00e9sente politique de protection des donn\u00e9es personnelles de la mani\u00e8re dont nous collectons et traitons ces donn\u00e9es. <\/p><p>La pr\u00e9sente politique de confidentialit\u00e9 d\u00e9finit et vous informe de la mani\u00e8re dont Paradigm21 utilise et prot\u00e8ge les informations que vous nous transmettez, le cas \u00e9ch\u00e9ant, lorsque vous utilisez le pr\u00e9sent site accessible \u00e0 partir de l\u2019URL suivante : <a href=\"https:\/\/www.paradigm21.ch\/\">https:\/\/www.paradigm21.ch\/<\/a> (ci-apr\u00e8s \u00ab le site \u00bb), ou que vos donn\u00e9e nous soient transmises par notre partenaire ValueMatch dans le cadre d\u2019un diagnostic individuel ou collectif (ci-apr\u00e8s \u00ab ValueMatch \u00bb).<\/p><p>Veuillez noter que cette politique de confidentialit\u00e9 est susceptible d\u2019\u00eatre modifi\u00e9e ou compl\u00e9t\u00e9e \u00e0 tout moment par Paradigm21, notamment en vue de se conformer \u00e0 toute \u00e9volution l\u00e9gislative, r\u00e8glementaire, jurisprudentielle ou technologique. Dans un tel cas, la date de sa mise \u00e0 jour sera clairement identifi\u00e9e en t\u00eate de la pr\u00e9sente politique. Ces modifications engagent l\u2019utilisateur d\u00e8s leur mise en ligne. Il convient par cons\u00e9quent que l\u2019utilisateur consulte r\u00e9guli\u00e8rement la pr\u00e9sente politique de confidentialit\u00e9 et d\u2019utilisation des cookies afin de prendre connaissance de ses \u00e9ventuelles modifications.   <\/p><h2 class=\"wp-block-heading\" id=\"h-i-personal-data\">I. DONN\u00c9ES PERSONNELLES<\/h2><p>D\u2019une mani\u00e8re g\u00e9n\u00e9rale, il vous est possible de visiter le site sans communiquer aucune information personnelle vous concernant. En toute hypoth\u00e8se, vous \u00eates en aucune mani\u00e8re oblig\u00e9 de transmettre ces informations \u00e0 Paradigm21. N\u00e9anmoins, en cas de refus, il se peut que vous ne puissiez pas b\u00e9n\u00e9ficier de certaines informations ou services que vous avez demand\u00e9. A ce titre en effet, Paradigm21 peut \u00eatre amen\u00e9 dans certains cas \u00e0 vous demander de renseigner (ci-apr\u00e8s vos \u00ab Informations Personnelles \u00bb) :   <\/p><ul class=\"wp-block-list\"><li>pr\u00e9nom et nom de famille ;<\/li>\n\n<li>adresse de courrier \u00e9lectronique ;<\/li>\n\n<li>informations sur la mani\u00e8re dont vous avez connu Paradigm21 \u00e0 des fins statistiques;<\/li>\n\n<li>informations li\u00e9es \u00e0 des sondages que nous utilisons \u00e0 des fins scientifiques et statistiques.<\/li><\/ul><p>En fournissant ces informations, vous acceptez express\u00e9ment qu\u2019elles soient trait\u00e9es par Paradigm21, aux fins indiqu\u00e9es au point 2 ci-dessous ainsi qu\u2019aux fins rappel\u00e9es \u00e0 la fin de chaque formulaire.<\/p><p>Paradigm21 vous informe des points suivants :<\/p><p><strong>1. Identit\u00e9 du responsable du traitement<\/strong><\/p><p>Le responsable du traitement est la soci\u00e9t\u00e9 Paradigm21 S\u00e0rl, ayant son si\u00e8ge social \u00e0 Neuch\u00e2tel, Suisse. Email : <a href=\"mailto:he***@********21.ch\" data-original-string=\"LfNGqeacjWbgBALvkSexNg==7a0F\/0YS+xqV0+c1kldtj1SmN+r4HFElPFrrzIM0qI9M\/Y=\" title=\"This contact has been encoded by Anti-Spam by CleanTalk. Click to decode. To finish the decoding make sure that JavaScript is enabled in your browser.\"><span \n                data-original-string='N4IvcVrkFy29AMB0c+i9wQ==7a0LNuAZpxSAP2rhygjUO9nu2oH+k\/5\/HzWervrUVXEDV0='\n                class='apbct-email-encoder'\n                title='This contact has been encoded by Anti-Spam by CleanTalk. Click to decode. To finish the decoding make sure that JavaScript is enabled in your browser.'>he<span class=\"apbct-blur\">***<\/span>@<span class=\"apbct-blur\">********<\/span>21.ch<\/span><\/a>  <\/p><p><strong>2. Finalit\u00e9s du traitement<\/strong><\/p><p>Paradigm21 est susceptible de traiter vos Informations personnelles :<\/p><p>(a) aux fins de vous fournir les informations ou les services que vous avez demand\u00e9 de recevoir (envoi de nos newsletters suite \u00e0 inscription de votre part, participation \u00e0 des formations, etc.) ; et\/ou<br\/>(b) aux fins de recueillir des informations nous permettant d\u2019am\u00e9liorer notre site, nos produits et services (notamment par le biais de cookies).<\/p><p><strong>3. Destinataires<\/strong><\/p><p>Seul Paradigm21 est destinataire de vos informations Personnelles. Celles-ci, que ce soit sous forme individuelle ou agr\u00e9g\u00e9e, ne sont jamais transmises \u00e0 un tiers. Paradigm21 ne proc\u00e8de pas \u00e0 la commercialisation des donn\u00e9es personnelles des visiteurs et utilisateurs de son site.  <\/p><p><strong>4. Dur\u00e9e de conservation<\/strong><\/p><p>Vos informations personnelles sont conserv\u00e9es par Paradigm21 uniquement pour le temps correspondant \u00e0 la finalit\u00e9 de la collecte tel qu\u2019indiqu\u00e9 en 2 ci-dessus qui ne saurait en tout \u00e9tat de cause exc\u00e9der 24 mois apr\u00e8s votre derni\u00e8re visite sur le site ou la fin de la formation que vous avez suivie ou l\u2019annulation de votre inscription \u00e0 notre newsletter.<\/p><h2 class=\"wp-block-heading\" id=\"h-ii-policy-on-customer-data-and-diagnostics-valuematch\">II. POLITIQUE RELATIVE AUX DONN\u00c9ES CLIENTS ET DES DIAGNOSTICS (VALUEMATCH) <\/h2><p>Paradigm21 s\u2019engage \u00e0 garder confidentielles toutes les donn\u00e9es des clients collect\u00e9es dans le cadre des mandats d\u2019accompagnement et des diagnostics (ValueMatch), \u00e0 ne les communique \u00e0 aucun tiers sans l\u2019accord pr\u00e9alable des personnes ou des clients concern\u00e9s.<\/p><p>ValueMatch, qui produit les r\u00e9sultats du diagnostic \u00e0 notre demande, traite toutes les donn\u00e9es des participants conform\u00e9ment \u00e0 <a href=\"https:\/\/www.valuematch.net\/en\/about-us\/privacy-statement\" target=\"_blank\" rel=\"noreferrer noopener\">sa politique de protection des donn\u00e9es<\/a>. Les donn\u00e9es nous sont transmises par le biais d&rsquo;une mani\u00e8re s\u00e9curis\u00e9e en conformit\u00e9 avec le r\u00e8glement europ\u00e9en GDPR. <\/p><p>Sauf accord explicite contraire, les donn\u00e9es personnelles des profils de valeurs du diagnostic ValueMatch ne sont communiqu\u00e9s qu\u2019individuellement aux personnes concern\u00e9es. Les donn\u00e9es collect\u00e9es servent \u00e9galement \u00e0 produire des profils collectifs (qui ne contient qu\u2019une agr\u00e9gation des r\u00e9sultats individuels). Ces derniers sont transmis \u00e0 l\u2019ensemble des participants du groupe en question, ainsi qu\u2019au mandant si celui-ci ne fait pas partie du groupe.  <\/p><p>Paradigm21 conserve les donn\u00e9es des diagnostics pendant au maximum 24 mois apr\u00e8s la fin du mandat d\u2019accompagnement.<\/p><h2 class=\"wp-block-heading\" id=\"h-iii-hosting-data-storage-by-third-party-companies\">III. H\u00c9BERGEMENT, STOCKAGE DES DONN\u00c9ES PAR DES SOCI\u00c9T\u00c9S TIERCES <\/h2><p>Nous h\u00e9bergeons notre site internet aupr\u00e8s de <a href=\"https:\/\/kinsta.com\/\" target=\"_blank\" rel=\"noreferrer noopener\">Kinsta<\/a> dans leur <a href=\"https:\/\/kinsta.com\/docs\/service-information\/data-center-locations\/\" target=\"_blank\" rel=\"noreferrer noopener\">centre de calcul de Zurich (europe-west6)<\/a> et se d\u00e9clarent conformes \u00e0 la r\u00e9glementation europ\u00e9enne GDPR.<\/p><p>Nous utilisons des serveurs Microsoft pour notre messagerie \u00e9lectronique (Exchange), notre messagerie interne (Teams) et pour le stockage de nos donn\u00e9es internes et donn\u00e9es clients (SharePoint). Les donn\u00e9es de notre messagerie \u00e9lectronique (Exchange) et de notre messagerie interne (Teams) sont stock\u00e9es en Suisse par Microsoft et les donn\u00e9es internes et les donn\u00e9es clients (SharePoint) sont stock\u00e9es dans l\u2019Union Europ\u00e9enne par Microsoft. Toutes les donn\u00e9es confidentielles qui nous sont fournies par les clients ainsi que les r\u00e9sultats des diagnostics ValueMatch peuvent transiter par notre messagerie \u00e9lectronique (Exchange) et sont stock\u00e9es sur notre serveur de donn\u00e9e (SharePoint).  <\/p><p>Aucune de ces donn\u00e9es ne sont stock\u00e9es aux \u00c9tats-Unis ou ne transitent par des serveurs h\u00e9berg\u00e9s dans ce pays. De plus, <a href=\"https:\/\/docs.microsoft.com\/en-us\/compliance\/regulatory\/gdpr?view=o365-worldwide\" target=\"_blank\" rel=\"noreferrer noopener\">Microsoft se d\u00e9clare conforme \u00e0 la r\u00e9glementation europ\u00e9enne GDPR<\/a>. <\/p><h2 class=\"wp-block-heading\" id=\"h-iv-cookie-policy-on-the-site\">IV. POLITIQUE RELATIVE AUX COOKIES SUR LE SITE <\/h2><p>Notre politique d\u2019utilisation des cookies vous permet de mieux comprendre les dispositions que nous mettons en \u0153uvre en mati\u00e8re de navigation sur notre site web. Elle vous informe notamment sur l\u2019ensemble des cookies pr\u00e9sents sur notre site web, leur finalit\u00e9 (partie I.) et vous donne la marche \u00e0 suivre pour les param\u00e9trer (partie II.) <\/p><p><strong>1. Informations g\u00e9n\u00e9rales sur les cookies pr\u00e9sents sur le site de Paradigm21<\/strong><\/p><p>Paradigm21, en tant qu\u2019\u00e9diteur du pr\u00e9sent site web, pourra proc\u00e9der \u00e0 l\u2019implantation d\u2019un cookie sur le disque dur de votre terminal (ordinateur, tablette, mobile etc.) afin de vous garantir une navigation fluide et optimale sur notre site Internet. Les \u00ab cookies \u00bb (ou t\u00e9moins de connexion) sont des petits fichiers texte de taille limit\u00e9e qui nous permettent de reconna\u00eetre votre ordinateur, votre tablette ou votre mobile aux fins de personnaliser les services que nous vous proposons. <\/p><p>Les informations recueillies par le biais des cookies ne permettent en aucune mani\u00e8re de vous identifier nominativement. Elles sont utilis\u00e9es exclusivement pour nos besoins propres afin d\u2019am\u00e9liorer l\u2019interactivit\u00e9 et la performance de notre site web et de vous adresser des contenus adapt\u00e9s \u00e0 vos centres d\u2019int\u00e9r\u00eats. Aucune de ces informations ne fait l\u2019objet d\u2019une communication aupr\u00e8s de tiers sauf lorsque Paradigm21 a obtenu au pr\u00e9alable votre consentement ou bien lorsque la divulgation de ces informations est requise par la loi, sur ordre d\u2019un tribunal ou toute autorit\u00e9 administrative ou judiciaire habilit\u00e9e \u00e0 en conna\u00eetre.  <\/p><p>Pour mieux vous \u00e9clairer sur les informations que les cookies identifient, vous trouverez ci-dessous la liste des diff\u00e9rents types de cookies susceptibles d\u2019\u00eatre utilis\u00e9s sur le site web de Paradigm21, leur nom, leur finalit\u00e9 ainsi que leur dur\u00e9e de conservation.<\/p><h4 class=\"wp-block-heading\" id=\"h-audience-analysis-cookies-google-analytics\">Cookies d\u2019analyse d\u2019audience : Google Analytics<\/h4><p>Ce site Internet utilise Google Analytics. Google Analytics emploie des cookies, des fichiers texte enregistr\u00e9s sur votre ordinateur permettant une analyse de votre utilisation du site Internet. Les informations obtenues par ces cookies sur votre utilisation du site Internet sont transmises \u00e0 un serveur Google aux Etats-Unis et y sont sauvegard\u00e9es. Votre adresse IP est toutefois pr\u00e9alablement abr\u00e9g\u00e9e et anonymis\u00e9e par Google au sein des Etats membres de l\u2019UE ou dans d\u2019autres Etats contractants de l\u2019accord sur l\u2019Espace \u00e9conomique europ\u00e9en. Ce n\u2019est que dans des cas exceptionnels que l\u2019adresse IP compl\u00e8te est transmise \u00e0 un serveur de Google aux Etats-Unis et qu\u2019elle y est abr\u00e9g\u00e9e.    <\/p><p>Sur ordre de l\u2019exploitant du site Internet, Google utilisera ces informations pour \u00e9valuer votre utilisation du site Internet afin de collecter des rapports sur les activit\u00e9s du site Internet et apporter \u00e0 son exploitant d\u2019autres services en relation avec l\u2019utilisation du site Internet et d\u2019Internet en g\u00e9n\u00e9ral. Google transmettra \u00e9galement ces informations \u00e0 des tiers si cela est pr\u00e9vu par la loi ou si des tiers traitent ces donn\u00e9es sur ordre de Google. L\u2019adresse IP transmise dans le cadre de Google Analytics par votre navigateur n\u2019est pas regroup\u00e9e avec d\u2019autres donn\u00e9es de Google. Vous pouvez vous opposer \u00e0 la sauvegarde de cookies en param\u00e9trant votre logiciel de navigation en cons\u00e9quence.   <\/p><p>Toutefois, nous vous signalons que, dans ce cas, vous ne pourrez \u00e9ventuellement pas profiter pleinement de toutes les fonctionnalit\u00e9s propos\u00e9es par ce site Internet. De plus, vous pouvez emp\u00eacher la collecte des donn\u00e9es li\u00e9es \u00e0 votre utilisation du site Internet (y compris votre adresse IP) g\u00e9n\u00e9r\u00e9es par le cookie pour Google ainsi que le traitement de ces donn\u00e9es par Google en t\u00e9l\u00e9chargeant et en installant le plug-in du navigateur disponible sous le lien suivant <a href=\"https:\/\/tools.google.com\/dlpage\/gaoptout?hl=fr\" target=\"_blank\" rel=\"noreferrer noopener\">https:\/\/tools.google.com\/dlpage\/gaoptout?hl=fr<\/a>). <\/p><p>Vous pouvez \u00e9galement cliquer sur ce lien pour emp\u00eacher la collecte par Google Analytics. Un cookie d\u2019opt-out est ainsi archiv\u00e9 sur votre appareil et emp\u00eachera \u00e0 l\u2019avenir la collecte de vos donn\u00e9es lors de la visite de ce site Internet. Si vous supprimez vos cookies dans votre navigateur, vous devrez cliquer \u00e0 nouveau sur ce lien. Veuillez consulter le site <a href=\"https:\/\/www.google.com\/intl\/de\/analytics\/privacyoverview.html\" target=\"_blank\" rel=\"noreferrer noopener\">https:\/\/www.google.com\/intl\/de\/analytics\/privacyoverview.html<\/a> pour plus d\u2019informations \u00e0 ce sujet.   <\/p><h4 class=\"wp-block-heading\" id=\"h-facebook-pixel\">Pixel Facebook<\/h4><p>L\u2019outil de communication Website Custom Audiences de Facebook est utilis\u00e9 sur ce site Internet. Pour son utilisation, des pixels Facebook sont int\u00e9gr\u00e9s sur nos sites Internet, qui vous marquent en tant que visiteur de notre site Internet sous une forme anonymis\u00e9e, donc sans que l\u2019on puisse vous identifier en tant que personne. Lorsque vous vous connectez ensuite \u00e0 Facebook, une somme de contr\u00f4le non r\u00e9versible et donc non personnelle (valeur de hachage) de vos donn\u00e9es d\u2019utilisation est envoy\u00e9e \u00e0 Facebook \u00e0 des fins d\u2019analyse et de marketing. Facebook peut ainsi attribuer la visite sur nos pages \u00e0 votre compte utilisateur. Nous pouvons utiliser les informations ainsi obtenues pour afficher des publicit\u00e9s sur Facebook. Pour de plus amples informations sur le but et l\u2019\u00e9tendue de la collecte de donn\u00e9es et sur le traitement et l\u2019utilisation des donn\u00e9es par Facebook ainsi que sur les possibilit\u00e9s de param\u00e9trage visant \u00e0 prot\u00e9ger votre sph\u00e8re priv\u00e9e, veuillez consulter les directives de protection des donn\u00e9es de Facebook que vous trouverez notamment sur <a href=\"https:\/\/www.facebook.com\/ads\/website_custom_audiences\" target=\"_blank\" rel=\"noreferrer noopener\">https:\/\/www.facebook.com\/ads\/website_custom_audiences<\/a> et <a href=\"https:\/\/www.facebook.com\/privacy\/explanation\" target=\"_blank\" rel=\"noreferrer noopener\">https:\/\/www.facebook.com\/privacy\/explanation<\/a>. Si vous souhaitez vous opposer \u00e0 l\u2019utilisation de Facebook Website Custom Audiences, vous pouvez le faire ici: <a href=\"https:\/\/www.facebook.com\/ads\/website_custom_audiences\" target=\"_blank\" rel=\"noreferrer noopener\">https:\/\/www.facebook.com\/ads\/website_custom_audiences<\/a>.      <\/p><p><strong>a. Vous disposez de divers outils de param\u00e9trage des cookies <\/strong><\/p><p>La plupart des navigateurs Internet sont configur\u00e9s par d\u00e9faut de fa\u00e7on \u00e0 ce que le d\u00e9p\u00f4t de cookies soit autoris\u00e9. Votre navigateur vous offre l\u2019opportunit\u00e9 de modifier ces param\u00e8tres standards de mani\u00e8re \u00e0 ce que l\u2019ensemble des cookies soit rejet\u00e9 syst\u00e9matiquement ou bien \u00e0 ce qu\u2019une partie seulement des cookies soit accept\u00e9e ou refus\u00e9e en fonction de leur \u00e9metteur. <\/p><p><strong>b. Le param\u00e9trage de votre navigateur Internet <\/strong><\/p><p>Chaque navigateur Internet propose ses propres param\u00e8tres de gestion des cookies. Pour savoir de quelle mani\u00e8re modifier vos pr\u00e9f\u00e9rences en mati\u00e8re de cookies, vous trouverez ci-dessous les liens vers l\u2019aide n\u00e9cessaire pour acc\u00e9der au menu de votre navigateur pr\u00e9vu \u00e0 cet effet : <\/p><ul class=\"wp-block-list\"><li>Chrome : <a href=\"https:\/\/support.google.com\/chrome\/answer\/95647?hl=fr\" target=\"_blank\" rel=\"noreferrer noopener\">https:\/\/support.google.com\/chrome\/answer\/95647?hl=fr<\/a><\/li>\n\n<li>Firefox : <a href=\"https:\/\/support.mozilla.org\/fr\/kb\/protection-renforcee-contre-pistage-firefox-ordinateur\" target=\"_blank\" rel=\"noreferrer noopener\">https:\/\/support.mozilla.org\/fr\/kb\/protection-renforcee-contre-pistage-firefox-ordinateur<\/a><\/li>\n\n<li>Microsoft Edge : <a href=\"https:\/\/support.microsoft.com\/fr-fr\/microsoft-edge\/supprimer-les-cookies-dans-microsoft-edge-63947406-40ac-c3b8-57b9-2a946a29ae09\" target=\"_blank\" rel=\"noreferrer noopener\">https:\/\/support.microsoft.com\/fr-fr\/microsoft-edge\/supprimer-les-cookies-dans-microsoft-edge-63947406-40ac-c3b8-57b9-2a946a29ae09<\/a><\/li>\n\n<li>Safari (macOS) : <a href=\"https:\/\/support.apple.com\/fr-fr\/guide\/safari\/sfri11471\/mac\" target=\"_blank\" rel=\"noreferrer noopener\">https:\/\/support.apple.com\/fr-fr\/guide\/safari\/sfri11471\/mac<\/a><\/li>\n\n<li>Safari (iOS) : <a href=\"https:\/\/support.apple.com\/en-us\/HT201265\" target=\"_blank\" rel=\"noreferrer noopener\">https:\/\/support.apple.com\/fr-fr\/HT201265<\/a><\/li>\n\n<li>Opera : <a href=\"https:\/\/help.opera.com\/en\/latest\/web-preferences\/#cookies\" target=\"_blank\" rel=\"noreferrer noopener\">https:\/\/help.opera.com\/en\/latest\/web-preferences\/#cookies<\/a><\/li><\/ul><p>\u00c0 moins qu\u2019un consentement expr\u00e8s ne soit requis par les lois de votre pays en mati\u00e8re de protection des donn\u00e9es personnelles, en utilisant les pr\u00e9sents supports (tels qu\u2019ils sont d\u00e9finis ci-dessus), vous consentez \u00e0 ce que nous collections et utilisions vos donn\u00e9es personnelles de la mani\u00e8re d\u00e9crite dans la pr\u00e9sente Politique.<\/p>","protected":false},"excerpt":{"rendered":"<p>Paradigm21 accorde une grande valeur \u00e0 l\u2019honn\u00eatet\u00e9 et \u00e0 la clart\u00e9 et avons \u00e0 c\u0153ur de construire des relations fortes et durables, fond\u00e9es sur la&hellip;<\/p>\n","protected":false},"author":8,"featured_media":0,"parent":0,"menu_order":0,"comment_status":"closed","ping_status":"closed","template":"","meta":{"footnotes":""},"class_list":["post-3724","page","type-page","status-publish","hentry"],"yoast_head":"<!-- This site is optimized with the Yoast SEO Premium plugin v24.2 (Yoast SEO v24.5) - https:\/\/yoast.com\/wordpress\/plugins\/seo\/ -->\n<title>Politique de confidentialit\u00e9 - Paradigm21<\/title>\n<meta name=\"robots\" content=\"index, follow, max-snippet:-1, max-image-preview:large, max-video-preview:-1\" \/>\n<link rel=\"canonical\" href=\"https:\/\/paradigm21.ch\/fr\/politique-de-confidentialite\/\" \/>\n<meta property=\"og:locale\" content=\"fr_FR\" \/>\n<meta property=\"og:type\" content=\"article\" \/>\n<meta property=\"og:title\" content=\"Politique de confidentialit\u00e9\" \/>\n<meta property=\"og:description\" content=\"Paradigm21 accorde une grande valeur \u00e0 l\u2019honn\u00eatet\u00e9 et \u00e0 la clart\u00e9 et avons \u00e0 c\u0153ur de construire des relations fortes et durables, fond\u00e9es sur la&hellip;\" \/>\n<meta property=\"og:url\" content=\"https:\/\/paradigm21.ch\/fr\/politique-de-confidentialite\/\" \/>\n<meta property=\"og:site_name\" content=\"Paradigm21\" \/>\n<meta property=\"article:publisher\" content=\"https:\/\/www.facebook.com\/paradigm21.ch\" \/>\n<meta property=\"article:modified_time\" content=\"2025-01-15T21:26:43+00:00\" \/>\n<meta name=\"twitter:card\" content=\"summary_large_image\" \/>\n<meta name=\"twitter:label1\" content=\"Dur\u00e9e de lecture estim\u00e9e\" \/>\n\t<meta name=\"twitter:data1\" content=\"11 minutes\" \/>\n<script type=\"application\/ld+json\" class=\"yoast-schema-graph\">{\"@context\":\"https:\/\/schema.org\",\"@graph\":[{\"@type\":\"WebPage\",\"@id\":\"https:\/\/paradigm21.ch\/fr\/politique-de-confidentialite\/\",\"url\":\"https:\/\/paradigm21.ch\/fr\/politique-de-confidentialite\/\",\"name\":\"Politique de confidentialit\u00e9 - Paradigm21\",\"isPartOf\":{\"@id\":\"https:\/\/paradigm21.ch\/fr\/#website\"},\"datePublished\":\"2022-07-28T09:37:39+00:00\",\"dateModified\":\"2025-01-15T21:26:43+00:00\",\"breadcrumb\":{\"@id\":\"https:\/\/paradigm21.ch\/fr\/politique-de-confidentialite\/#breadcrumb\"},\"inLanguage\":\"fr-FR\",\"potentialAction\":[{\"@type\":\"ReadAction\",\"target\":[\"https:\/\/paradigm21.ch\/fr\/politique-de-confidentialite\/\"]}]},{\"@type\":\"BreadcrumbList\",\"@id\":\"https:\/\/paradigm21.ch\/fr\/politique-de-confidentialite\/#breadcrumb\",\"itemListElement\":[{\"@type\":\"ListItem\",\"position\":1,\"name\":\"Accueil\",\"item\":\"https:\/\/paradigm21.ch\/fr\/accueil\/\"},{\"@type\":\"ListItem\",\"position\":2,\"name\":\"Politique de confidentialit\u00e9\"}]},{\"@type\":\"WebSite\",\"@id\":\"https:\/\/paradigm21.ch\/fr\/#website\",\"url\":\"https:\/\/paradigm21.ch\/fr\/\",\"name\":\"Paradigm21\",\"description\":\"\",\"potentialAction\":[{\"@type\":\"SearchAction\",\"target\":{\"@type\":\"EntryPoint\",\"urlTemplate\":\"https:\/\/paradigm21.ch\/fr\/?s={search_term_string}\"},\"query-input\":{\"@type\":\"PropertyValueSpecification\",\"valueRequired\":true,\"valueName\":\"search_term_string\"}}],\"inLanguage\":\"fr-FR\"}]}<\/script>\n<!-- \/ Yoast SEO Premium plugin. -->","yoast_head_json":{"title":"Politique de confidentialit\u00e9 - Paradigm21","robots":{"index":"index","follow":"follow","max-snippet":"max-snippet:-1","max-image-preview":"max-image-preview:large","max-video-preview":"max-video-preview:-1"},"canonical":"https:\/\/paradigm21.ch\/fr\/politique-de-confidentialite\/","og_locale":"fr_FR","og_type":"article","og_title":"Politique de confidentialit\u00e9","og_description":"Paradigm21 accorde une grande valeur \u00e0 l\u2019honn\u00eatet\u00e9 et \u00e0 la clart\u00e9 et avons \u00e0 c\u0153ur de construire des relations fortes et durables, fond\u00e9es sur la&hellip;","og_url":"https:\/\/paradigm21.ch\/fr\/politique-de-confidentialite\/","og_site_name":"Paradigm21","article_publisher":"https:\/\/www.facebook.com\/paradigm21.ch","article_modified_time":"2025-01-15T21:26:43+00:00","twitter_card":"summary_large_image","twitter_misc":{"Dur\u00e9e de lecture estim\u00e9e":"11 minutes"},"schema":{"@context":"https:\/\/schema.org","@graph":[{"@type":"WebPage","@id":"https:\/\/paradigm21.ch\/fr\/politique-de-confidentialite\/","url":"https:\/\/paradigm21.ch\/fr\/politique-de-confidentialite\/","name":"Politique de confidentialit\u00e9 - Paradigm21","isPartOf":{"@id":"https:\/\/paradigm21.ch\/fr\/#website"},"datePublished":"2022-07-28T09:37:39+00:00","dateModified":"2025-01-15T21:26:43+00:00","breadcrumb":{"@id":"https:\/\/paradigm21.ch\/fr\/politique-de-confidentialite\/#breadcrumb"},"inLanguage":"fr-FR","potentialAction":[{"@type":"ReadAction","target":["https:\/\/paradigm21.ch\/fr\/politique-de-confidentialite\/"]}]},{"@type":"BreadcrumbList","@id":"https:\/\/paradigm21.ch\/fr\/politique-de-confidentialite\/#breadcrumb","itemListElement":[{"@type":"ListItem","position":1,"name":"Accueil","item":"https:\/\/paradigm21.ch\/fr\/accueil\/"},{"@type":"ListItem","position":2,"name":"Politique de confidentialit\u00e9"}]},{"@type":"WebSite","@id":"https:\/\/paradigm21.ch\/fr\/#website","url":"https:\/\/paradigm21.ch\/fr\/","name":"Paradigm21","description":"","potentialAction":[{"@type":"SearchAction","target":{"@type":"EntryPoint","urlTemplate":"https:\/\/paradigm21.ch\/fr\/?s={search_term_string}"},"query-input":{"@type":"PropertyValueSpecification","valueRequired":true,"valueName":"search_term_string"}}],"inLanguage":"fr-FR"}]}},"_links":{"self":[{"href":"https:\/\/paradigm21.ch\/fr\/wp-json\/wp\/v2\/pages\/3724","targetHints":{"allow":["GET"]}}],"collection":[{"href":"https:\/\/paradigm21.ch\/fr\/wp-json\/wp\/v2\/pages"}],"about":[{"href":"https:\/\/paradigm21.ch\/fr\/wp-json\/wp\/v2\/types\/page"}],"author":[{"embeddable":true,"href":"https:\/\/paradigm21.ch\/fr\/wp-json\/wp\/v2\/users\/8"}],"replies":[{"embeddable":true,"href":"https:\/\/paradigm21.ch\/fr\/wp-json\/wp\/v2\/comments?post=3724"}],"version-history":[{"count":1,"href":"https:\/\/paradigm21.ch\/fr\/wp-json\/wp\/v2\/pages\/3724\/revisions"}],"predecessor-version":[{"id":3725,"href":"https:\/\/paradigm21.ch\/fr\/wp-json\/wp\/v2\/pages\/3724\/revisions\/3725"}],"wp:attachment":[{"href":"https:\/\/paradigm21.ch\/fr\/wp-json\/wp\/v2\/media?parent=3724"}],"curies":[{"name":"wp","href":"https:\/\/api.w.org\/{rel}","templated":true}]}}